{"id":17948,"date":"2020-03-02T17:37:29","date_gmt":"2020-03-02T16:37:29","guid":{"rendered":"https:\/\/abrtherapy.com\/declaratie-cookie\/"},"modified":"2022-02-15T20:45:31","modified_gmt":"2022-02-15T19:45:31","slug":"declaratie-cookie","status":"publish","type":"page","link":"https:\/\/abrtherapy.com\/ro\/declaratie-cookie\/","title":{"rendered":"Declara\u021bie cookie"},"content":{"rendered":"<p><span>Paginile de internet ale[abrtherapy] utiliza\u021bi cookie-uri. Cookie-urile sunt fi\u0219iere text care sunt stocate \u00eentr-un sistem informatic prin intermediul unui browser de internet.<\/span><\/p>\n<p><span>Multe site-uri de internet \u0219i servere folosesc cookie-uri. Multe module cookie con\u021bin a\u0219a-numitul ID cookie. Un ID cookie este un identificator unic al cookie-ului. Este format dintr-un \u0219ir cu care paginile de internet \u0219i serverele pot fi alocate browserului de internet specific \u00een care este stocat cookie-ul. Acest lucru permite site-urilor \u0219i serverelor de internet vizitate s\u0103 disting\u0103 browserul individual al persoanei vizate de alte browsere de internet care con\u021bin alte module cookie. Un anumit browser de internet poate fi recunoscut \u0219i identificat folosind ID-ul cookie unic.<\/span><\/p>\n<p><span>Prin utilizarea cookie-urilor,[abrtherapy] poate oferi utilizatorilor acestui site web servicii mai u\u0219or de utilizat, care nu ar fi posibile f\u0103r\u0103 setarea cookie-urilor.<\/span><\/p>\n<ul>\n<li><span>Pentru a simplifica utilizarea site-ului nostru web, sunt utilizate at\u00e2t cookie-uri tehnice, c\u00e2t \u0219i cookie-uri de sesiune. Prin urmare, aceste cookie-uri sunt strict necesare pentru func\u021bionarea site-ului web.<\/span><\/li>\n<\/ul>\n<p><span>Prin intermediul unui cookie, informa\u021biile \u0219i ofertele de pe site-ul nostru web pot fi optimizate av\u00e2nd \u00een vedere utilizatorul. Cookie-urile ne permit, a\u0219a cum sa men\u021bionat anterior, s\u0103 recunoa\u0219tem utilizatorii site-ului nostru. Scopul acestei recunoa\u0219teri este de a facilita utilizarea site-ului nostru de c\u0103tre utilizatori. De exemplu, utilizatorul site-ului web care utilizeaz\u0103 cookie-uri nu trebuie s\u0103 introduc\u0103 date de acces de fiecare dat\u0103 c\u00e2nd site-ul este vizitat, deoarece acesta este preluat de site-ul web \u0219i, prin urmare, cookie-ul este stocat pe sistemul informatic al utilizatorului.<\/span><\/p>\n<p><span>Toate celelalte cookie-uri sunt instalate\/activate numai dup\u0103 acordul dumneavoastr\u0103 explicit \u0219i prealabil \u00een timpul primei vizite pe site. Aceast\u0103 permisiune poate fi exprimat\u0103 \u00een general, de exemplu, ca r\u0103spuns la bannerul cookie. Permisiunea dumneavoastr\u0103 va fi urm\u0103rit\u0103 pentru alte \u0219i viitoare vizite pe site. \u00cen calitate de utilizator, ave\u021bi \u00eentotdeauna dreptul de a v\u0103 retrage total sau par\u021bial permisiunea dumneavoastr\u0103 explicit\u0103.<\/span><\/p>\n<p><span>Deoarece cookie-urile sunt date cu caracter personal, procesarea lor este guvernat\u0103 de Declara\u021bia noastr\u0103 de confiden\u021bialitate. Fiind de acord cu politica noastr\u0103 privind cookie-urile, ne da\u021bi permisiunea de a v\u0103 prelucra datele personale (\u00een special cookie-urile) \u00een conformitate cu declara\u021bia noastr\u0103 de confiden\u021bialitate.<\/span><\/p>\n<p><span>Pentru mai multe informa\u021bii despre cookie-uri, vizita\u021bi www.allaboutcookies.org sau www.youronlinechoices.eu.<\/span><\/p>\n<h6><strong><span>UTILIZAREA \u201eCOOKIES-urilor\u201d.<\/span><\/strong><\/h6>\n<p><span>\u00cen timpul unei vizite pe site, \u201ecookie-uri\u201d pot fi plasate pe hard disk-ul computerului dumneavoastr\u0103. Un cookie este un fi\u0219ier text care este plasat de serverul unui site web \u00een browserul computerului dumneavoastr\u0103 sau pe dispozitivul dumneavoastr\u0103 mobil atunci c\u00e2nd consulta\u021bi un site web. Cookie-urile nu pot fi folosite pentru a identifica persoane, un cookie poate identifica doar o ma\u0219in\u0103. [Abrtherapy] folose\u0219te urm\u0103toarele cookie-uri:<\/span><\/p>\n<p><strong><span>\u201eFocuri prime\u201d<\/span><\/strong><span> sunt cookie-uri tehnice care sunt folosite chiar de site-ul vizitat \u0219i care au ca scop s\u0103 fac\u0103 site-ul s\u0103 func\u021bioneze optim. Exemplu: set\u0103ri pe care utilizatorul le-a f\u0103cut \u00een timpul vizitelor anterioare pe site, sau chiar: un formular pre-completat cu date pe care utilizatorul le-a f\u0103cut \u00een timpul vizitelor anterioare.<\/span><\/p>\n<p><strong><span>\u201eCookie-uri de la ter\u021bi\u201d<\/span><\/strong><span> sunt cookie-uri care nu provin de la site-ul propriu-zis, dar provin de la ter\u021bi, de exemplu un plug-in de marketing sau publicitate existent. De exemplu, cookie-uri de la Facebook sau Google Analytics. Pentru astfel de cookie-uri, vizitatorul site-ului trebuie s\u0103 dea mai \u00eent\u00e2i permisiunea &#8211; acest lucru se poate face printr-o bar\u0103 din partea de jos sau de sus a site-ului, cu referire la aceast\u0103 politic\u0103, care nu \u00eempiedic\u0103 navigarea ulterioar\u0103 a site-ului.)<\/span><\/p>\n<p><span>V\u0103 pute\u021bi seta browserul de internet astfel \u00eenc\u00e2t cookie-urile s\u0103 nu fie acceptate, s\u0103 primi\u021bi un avertisment c\u00e2nd este instalat un cookie sau ca cookie-urile s\u0103 fie ulterior eliminate de pe hard disk. Pute\u021bi face acest lucru prin set\u0103rile browserului dvs. (prin intermediul func\u021biei de ajutor). Re\u021bine\u021bi c\u0103 anumite elemente grafice pot s\u0103 nu apar\u0103 corect sau c\u0103 nu ve\u021bi putea folosi anumite aplica\u021bii.<\/span><\/p>\n<p><span>Folosind site-ul nostru, sunte\u021bi de acord cu utilizarea cookie-urilor.<\/span><\/p>\n<h6><strong><span>GOOGLE ANALYTICS<\/span><\/strong><\/h6>\n<p><span>Acest site web utilizeaz\u0103 Google Analytics, un serviciu de analiz\u0103 web oferit de Google Inc. (&#8222;Google&#8221;). Google Analytics folose\u0219te \u201ecookies\u201d (fi\u0219iere text plasate pe computerul dumneavoastr\u0103) pentru a ajuta site-ul s\u0103 analizeze modul \u00een care utilizatorii folosesc site-ul. Informa\u021biile generate de cookie-ul despre utilizarea site-ului web (inclusiv adresa dumneavoastr\u0103 IP) sunt transferate \u0219i stocate de Google pe serverele din Statele Unite. Google folose\u0219te aceste informa\u021bii pentru a urm\u0103ri modul \u00een care utiliza\u021bi site-ul web, pentru a preg\u0103ti rapoarte privind activitatea site-ului web pentru operatorii site-ului web \u0219i pentru a oferi alte servicii legate de activitatea site-ului web \u0219i utilizarea internetului. Google poate furniza aceste informa\u021bii unor ter\u021bi dac\u0103 Google este obligat prin lege s\u0103 fac\u0103 acest lucru sau \u00een m\u0103sura \u00een care aceste ter\u021be p\u0103r\u021bi proceseaz\u0103 informa\u021biile \u00een numele Google. Google nu va combina adresa dumneavoastr\u0103 IP cu alte date de\u021binute de Google. Pute\u021bi refuza utilizarea cookie-urilor aleg\u00e2nd set\u0103rile corespunz\u0103toare din browser. Cu toate acestea, dorim s\u0103 subliniem c\u0103, \u00een acest caz, este posibil s\u0103 nu pute\u021bi utiliza toate posibilit\u0103\u021bile acestui site web. Prin utilizarea acestui site web sunte\u021bi de acord cu prelucrarea datelor de c\u0103tre Google \u00een modul \u0219i \u00een scopurile descrise mai sus. Cu toate acestea, dorim s\u0103 subliniem c\u0103, \u00een acest caz, este posibil s\u0103 nu pute\u021bi utiliza toate posibilit\u0103\u021bile acestui site web. Prin utilizarea acestui site web sunte\u021bi de acord cu prelucrarea datelor de c\u0103tre Google \u00een modul \u0219i \u00een scopurile descrise mai sus. Cu toate acestea, dorim s\u0103 subliniem c\u0103, \u00een acest caz, este posibil s\u0103 nu pute\u021bi utiliza toate posibilit\u0103\u021bile acestui site web. Prin utilizarea acestui site web sunte\u021bi de acord cu prelucrarea datelor de c\u0103tre Google \u00een modul \u0219i \u00een scopurile descrise mai sus.<\/span><\/p>\n<h6><span>GOOGLE ADWORDS &#8211; DAC\u0102 ACEST ESTE UTILIZAT DE DVS.<\/span><\/h6>\n<p><span>[abrtherapy] a integrat Google AdWords pe site. Google AdWords este un serviciu de publicitate pe internet care permite[abrtherapy] pentru a plasa reclame \u00een rezultatele c\u0103ut\u0103rii motorului de c\u0103utare Google \u0219i \u00een re\u021beaua de publicitate Google. Google AdWords ne permite s\u0103 predefinim cuvinte cheie predefinite care vor face ca un anun\u021b s\u0103 apar\u0103 \u00een rezultatele c\u0103ut\u0103rii Google numai atunci c\u00e2nd utilizatorul folose\u0219te motorul de c\u0103utare pentru a prelua un rezultat de c\u0103utare relevant pentru cuvinte cheie. \u00cen Re\u021beaua de publicitate Google, reclamele sunt r\u0103sp\u00e2ndite pe pagini web relevante folosind un algoritm automat, \u021bin\u00e2nd cont de cuvintele cheie definite anterior.<\/span><\/p>\n<p><span>Scopul Google AdWords este de a promova site-ul nostru web prin includerea de reclame relevante pe site-urile web ale ter\u021bilor \u0219i \u00een rezultatele c\u0103ut\u0103rii motorului de c\u0103utare Google \u0219i o inserare de reclame de la ter\u021bi pe site-ul nostru.<\/span><\/p>\n<p><span>Dac\u0103 o persoan\u0103 ajunge pe site-ul nostru prin intermediul unei reclame Google, un cookie de conversie este stocat \u00een sistemul informatic al persoanei prin intermediul Google. Defini\u021bia cookie-urilor este explicat\u0103 mai sus. Un cookie de conversie \u00ee\u0219i pierde valabilitatea dup\u0103 30 de zile \u0219i nu este folosit pentru a identifica persoana \u00een cauz\u0103. Dac\u0103 cookie-ul nu a expirat, cookie-ul de conversie este utilizat pentru a verifica dac\u0103 anumite subpagini, de exemplu co\u0219ul de cump\u0103r\u0103turi al unui sistem de cump\u0103r\u0103turi online, au fost apelate pe site-ul nostru.<\/span><\/p>\n<p><span>Datele \u0219i informa\u021biile colectate prin utilizarea cookie-ului de conversie sunt folosite de Google pentru a crea statistici privind vizitatorii site-ului nostru. Aceste statistici de vizit\u0103 sunt utilizate pentru a determina num\u0103rul total de utilizatori servi\u021bi prin anun\u021buri AdWords pentru a determina succesul sau e\u0219ecul fiec\u0103rui anun\u021b AdWords \u0219i pentru a optimiza anun\u021burile noastre AdWords \u00een viitor. Nici compania noastr\u0103 \u0219i nici al\u021bi agen\u021bi de publicitate Google AdWords nu primesc de la Google informa\u021bii care ar putea identifica persoana \u00een cauz\u0103.<\/span><\/p>\n<p><span>Cookie-ul de conversie stocheaz\u0103 informa\u021bii personale, de exemplu paginile de internet vizitate de persoana \u00een cauz\u0103. Ori de c\u00e2te ori vizit\u0103m paginile noastre web, datele personale, inclusiv adresa IP a accesului la internet utilizat de persoana \u00een cauz\u0103, sunt transmise c\u0103tre Google \u00een Statele Unite ale Americii. Aceste informa\u021bii personale sunt stocate de Google \u00een Statele Unite ale Americii. Google poate transmite aceste date personale colectate prin procedura tehnic\u0103 c\u0103tre ter\u021bi.<\/span><\/p>\n","protected":false},"excerpt":{"rendered":"<p>Paginile de internet ale[abrtherapy] utiliza\u021bi cookie-uri. Cookie-urile sunt fi\u0219iere text care sunt stocate \u00eentr-un sistem informatic prin intermediul unui browser de internet. Multe site-uri de internet \u0219i servere folosesc cookie-uri. Multe module cookie con\u021bin a\u0219a-numitul ID cookie. Un ID cookie [&hellip;]<\/p>\n","protected":false},"author":7,"featured_media":0,"parent":0,"menu_order":0,"comment_status":"closed","ping_status":"closed","template":"","meta":{"_exactmetrics_skip_tracking":false,"_exactmetrics_sitenote_active":false,"_exactmetrics_sitenote_note":"","_exactmetrics_sitenote_category":0,"footnotes":""},"class_list":["post-17948","page","type-page","status-publish","hentry"],"yoast_head":"<!-- This site is optimized with the Yoast SEO plugin v26.9 - https:\/\/yoast.com\/product\/yoast-seo-wordpress\/ -->\n<title>Declara\u021bie cookie - ABR Therapy<\/title>\n<meta name=\"robots\" content=\"index, follow, max-snippet:-1, max-image-preview:large, max-video-preview:-1\" \/>\n<link rel=\"canonical\" href=\"https:\/\/abrtherapy.com\/ro\/declaratie-cookie\/\" \/>\n<meta property=\"og:locale\" content=\"ro_RO\" \/>\n<meta property=\"og:type\" content=\"article\" \/>\n<meta property=\"og:title\" content=\"Declara\u021bie cookie - ABR Therapy\" \/>\n<meta property=\"og:description\" content=\"Paginile de internet ale[abrtherapy] utiliza\u021bi cookie-uri. Cookie-urile sunt fi\u0219iere text care sunt stocate \u00eentr-un sistem informatic prin intermediul unui browser de internet. Multe site-uri de internet \u0219i servere folosesc cookie-uri. Multe module cookie con\u021bin a\u0219a-numitul ID cookie. Un ID cookie [&hellip;]\" \/>\n<meta property=\"og:url\" content=\"https:\/\/abrtherapy.com\/ro\/declaratie-cookie\/\" \/>\n<meta property=\"og:site_name\" content=\"ABR Therapy\" \/>\n<meta property=\"article:modified_time\" content=\"2022-02-15T19:45:31+00:00\" \/>\n<meta name=\"twitter:card\" content=\"summary_large_image\" \/>\n<meta name=\"twitter:label1\" content=\"Timp estimat pentru citire\" \/>\n\t<meta name=\"twitter:data1\" content=\"7 minute\" \/>\n<script type=\"application\/ld+json\" class=\"yoast-schema-graph\">{\"@context\":\"https:\/\/schema.org\",\"@graph\":[{\"@type\":\"WebPage\",\"@id\":\"https:\/\/abrtherapy.com\/ro\/declaratie-cookie\/\",\"url\":\"https:\/\/abrtherapy.com\/ro\/declaratie-cookie\/\",\"name\":\"Declara\u021bie cookie - ABR Therapy\",\"isPartOf\":{\"@id\":\"https:\/\/abrtherapy.com\/#website\"},\"datePublished\":\"2020-03-02T16:37:29+00:00\",\"dateModified\":\"2022-02-15T19:45:31+00:00\",\"breadcrumb\":{\"@id\":\"https:\/\/abrtherapy.com\/ro\/declaratie-cookie\/#breadcrumb\"},\"inLanguage\":\"ro-RO\",\"potentialAction\":[{\"@type\":\"ReadAction\",\"target\":[\"https:\/\/abrtherapy.com\/ro\/declaratie-cookie\/\"]}]},{\"@type\":\"BreadcrumbList\",\"@id\":\"https:\/\/abrtherapy.com\/ro\/declaratie-cookie\/#breadcrumb\",\"itemListElement\":[{\"@type\":\"ListItem\",\"position\":1,\"name\":\"Home\",\"item\":\"https:\/\/abrtherapy.com\/ro\/\"},{\"@type\":\"ListItem\",\"position\":2,\"name\":\"Declara\u021bie cookie\"}]},{\"@type\":\"WebSite\",\"@id\":\"https:\/\/abrtherapy.com\/#website\",\"url\":\"https:\/\/abrtherapy.com\/\",\"name\":\"ABR Therapy\",\"description\":\"Advanced Biomechanical Rehabilitation\",\"potentialAction\":[{\"@type\":\"SearchAction\",\"target\":{\"@type\":\"EntryPoint\",\"urlTemplate\":\"https:\/\/abrtherapy.com\/?s={search_term_string}\"},\"query-input\":{\"@type\":\"PropertyValueSpecification\",\"valueRequired\":true,\"valueName\":\"search_term_string\"}}],\"inLanguage\":\"ro-RO\"}]}<\/script>\n<!-- \/ Yoast SEO plugin. -->","yoast_head_json":{"title":"Declara\u021bie cookie - ABR Therapy","robots":{"index":"index","follow":"follow","max-snippet":"max-snippet:-1","max-image-preview":"max-image-preview:large","max-video-preview":"max-video-preview:-1"},"canonical":"https:\/\/abrtherapy.com\/ro\/declaratie-cookie\/","og_locale":"ro_RO","og_type":"article","og_title":"Declara\u021bie cookie - ABR Therapy","og_description":"Paginile de internet ale[abrtherapy] utiliza\u021bi cookie-uri. Cookie-urile sunt fi\u0219iere text care sunt stocate \u00eentr-un sistem informatic prin intermediul unui browser de internet. Multe site-uri de internet \u0219i servere folosesc cookie-uri. Multe module cookie con\u021bin a\u0219a-numitul ID cookie. Un ID cookie [&hellip;]","og_url":"https:\/\/abrtherapy.com\/ro\/declaratie-cookie\/","og_site_name":"ABR Therapy","article_modified_time":"2022-02-15T19:45:31+00:00","twitter_card":"summary_large_image","twitter_misc":{"Timp estimat pentru citire":"7 minute"},"schema":{"@context":"https:\/\/schema.org","@graph":[{"@type":"WebPage","@id":"https:\/\/abrtherapy.com\/ro\/declaratie-cookie\/","url":"https:\/\/abrtherapy.com\/ro\/declaratie-cookie\/","name":"Declara\u021bie cookie - ABR Therapy","isPartOf":{"@id":"https:\/\/abrtherapy.com\/#website"},"datePublished":"2020-03-02T16:37:29+00:00","dateModified":"2022-02-15T19:45:31+00:00","breadcrumb":{"@id":"https:\/\/abrtherapy.com\/ro\/declaratie-cookie\/#breadcrumb"},"inLanguage":"ro-RO","potentialAction":[{"@type":"ReadAction","target":["https:\/\/abrtherapy.com\/ro\/declaratie-cookie\/"]}]},{"@type":"BreadcrumbList","@id":"https:\/\/abrtherapy.com\/ro\/declaratie-cookie\/#breadcrumb","itemListElement":[{"@type":"ListItem","position":1,"name":"Home","item":"https:\/\/abrtherapy.com\/ro\/"},{"@type":"ListItem","position":2,"name":"Declara\u021bie cookie"}]},{"@type":"WebSite","@id":"https:\/\/abrtherapy.com\/#website","url":"https:\/\/abrtherapy.com\/","name":"ABR Therapy","description":"Advanced Biomechanical Rehabilitation","potentialAction":[{"@type":"SearchAction","target":{"@type":"EntryPoint","urlTemplate":"https:\/\/abrtherapy.com\/?s={search_term_string}"},"query-input":{"@type":"PropertyValueSpecification","valueRequired":true,"valueName":"search_term_string"}}],"inLanguage":"ro-RO"}]}},"_links":{"self":[{"href":"https:\/\/abrtherapy.com\/ro\/wp-json\/wp\/v2\/pages\/17948","targetHints":{"allow":["GET"]}}],"collection":[{"href":"https:\/\/abrtherapy.com\/ro\/wp-json\/wp\/v2\/pages"}],"about":[{"href":"https:\/\/abrtherapy.com\/ro\/wp-json\/wp\/v2\/types\/page"}],"author":[{"embeddable":true,"href":"https:\/\/abrtherapy.com\/ro\/wp-json\/wp\/v2\/users\/7"}],"replies":[{"embeddable":true,"href":"https:\/\/abrtherapy.com\/ro\/wp-json\/wp\/v2\/comments?post=17948"}],"version-history":[{"count":1,"href":"https:\/\/abrtherapy.com\/ro\/wp-json\/wp\/v2\/pages\/17948\/revisions"}],"predecessor-version":[{"id":22422,"href":"https:\/\/abrtherapy.com\/ro\/wp-json\/wp\/v2\/pages\/17948\/revisions\/22422"}],"wp:attachment":[{"href":"https:\/\/abrtherapy.com\/ro\/wp-json\/wp\/v2\/media?parent=17948"}],"curies":[{"name":"wp","href":"https:\/\/api.w.org\/{rel}","templated":true}]}}