{"id":17946,"date":"2020-03-02T17:36:35","date_gmt":"2020-03-02T16:36:35","guid":{"rendered":"https:\/\/abrtherapy.com\/dichiarazione-sui-cookie\/"},"modified":"2022-02-15T20:45:28","modified_gmt":"2022-02-15T19:45:28","slug":"dichiarazione-sui-cookie","status":"publish","type":"page","link":"https:\/\/abrtherapy.com\/it\/dichiarazione-sui-cookie\/","title":{"rendered":"Dichiarazione sui cookie"},"content":{"rendered":"<p><span>Le pagine internet di[abrtherapy] utilizzare i cookie. I cookie sono file di testo che vengono memorizzati in un sistema informatico tramite un browser Internet.<\/span><\/p>\n<p><span>Molti siti Internet e server utilizzano i cookie. Molti cookie contengono un cosiddetto cookie ID. Un ID cookie \u00e8 un identificatore univoco del cookie. \u00c8 costituito da una stringa con la quale \u00e8 possibile assegnare pagine Internet e server allo specifico browser Internet in cui \u00e8 memorizzato il cookie. Ci\u00f2 consente ai siti Internet e ai server visitati di distinguere il singolo browser dell&#8217;interessato da altri browser Internet che contengono altri cookie. Un browser Internet specifico pu\u00f2 essere riconosciuto e identificato utilizzando l&#8217;ID cookie univoco.<\/span><\/p>\n<p><span>Utilizzando i cookie,[abrtherapy] pu\u00f2 fornire agli utenti di questo sito Web servizi pi\u00f9 user-friendly che non sarebbero possibili senza l&#8217;impostazione dei cookie.<\/span><\/p>\n<ul>\n<li><span>Per semplificare l&#8217;utilizzo del nostro sito Web, vengono utilizzati sia cookie tecnici che di sessione. Questi cookie sono quindi strettamente necessari al funzionamento del sito web.<\/span><\/li>\n<\/ul>\n<p><span>Per mezzo di un cookie, le informazioni e le offerte sul nostro sito Web possono essere ottimizzate pensando all&#8217;utente. I cookie ci consentono, come accennato in precedenza, di riconoscere gli utenti del nostro sito web. Lo scopo di questo riconoscimento \u00e8 di rendere pi\u00f9 facile per gli utenti l&#8217;utilizzo del nostro sito web. Ad esempio, l&#8217;utente del sito web che utilizza i cookie non \u00e8 tenuto a inserire i dati di accesso ogni volta che si visita il sito web, perch\u00e9 esso viene preso in carico dal sito web e il cookie viene quindi memorizzato sul sistema informatico dell&#8217;utente.<\/span><\/p>\n<p><span>Tutti gli altri cookie vengono installati\/attivati solo dopo il tuo esplicito e preventivo consenso durante la tua prima visita al sito web. Tale consenso pu\u00f2 essere espresso in via generale, ad esempio in risposta al banner dei cookie. La tua autorizzazione sar\u00e0 tracciata per altre e future visite al sito web. Come utente, hai sempre il diritto di revocare in tutto o in parte il tuo esplicito consenso.<\/span><\/p>\n<p><span>Poich\u00e9 i cookie sono dati personali, il loro trattamento \u00e8 regolato dalla nostra Informativa sulla privacy. Accettando la nostra politica sui cookie, ci autorizzi a trattare i tuoi dati personali (in particolare i cookie) in conformit\u00e0 con la nostra informativa sulla privacy.<\/span><\/p>\n<p><span>Per ulteriori informazioni sui cookie, visitare www.allaboutcookies.org o www.youronlinechoices.eu.<\/span><\/p>\n<h6><strong><span>L&#8217;UTILIZZO DEI &#8220;COOKIE&#8221;.<\/span><\/strong><\/h6>\n<p><span>Durante una visita al sito, i &#8220;cookie&#8221; possono essere depositati sul disco rigido del tuo computer. Un cookie \u00e8 un file di testo che viene inserito dal server di un sito web nel browser del tuo computer o del tuo dispositivo mobile quando visiti un sito web. I cookie non possono essere utilizzati per identificare le persone, un cookie pu\u00f2 solo identificare una macchina. [Abrtherapy] utilizza i seguenti cookie:<\/span><\/p>\n<p><strong><span>&#8216;Cookie di prima parte&#8217;<\/span><\/strong><span> sono cookie tecnici che vengono utilizzati dal sito visitato stesso e che hanno lo scopo di far funzionare il sito in modo ottimale. Esempio: impostazioni che l&#8217;utente ha effettuato durante le precedenti visite al sito, o anche: un modulo precompilato con i dati che l&#8217;utente ha effettuato durante le precedenti visite.<\/span><\/p>\n<p><strong><span>&#8216;Cookie di terze parti&#8217;<\/span><\/strong><span> sono cookie che non provengono dal sito Web stesso, ma provengono da terze parti, ad esempio un plug-in di marketing o pubblicitario esistente. Ad esempio, i cookie di Facebook o Google Analytics. Per tali cookie, il visitatore del sito deve prima dare il consenso &#8211; questo pu\u00f2 essere fatto tramite una barra nella parte inferiore o superiore del sito, con riferimento a questa politica, che non impedisce l&#8217;ulteriore navigazione del sito.)<\/span><\/p>\n<p><span>Puoi impostare il tuo browser Internet in modo che i cookie non vengano accettati, che tu riceva un avviso quando viene installato un cookie o che i cookie vengano successivamente rimossi dal tuo disco rigido. Puoi farlo tramite le impostazioni del tuo browser (tramite la funzione di aiuto). Tieni presente che alcuni elementi grafici potrebbero non apparire correttamente o che non sarai in grado di utilizzare determinate applicazioni.<\/span><\/p>\n<p><span>Utilizzando il nostro sito Web, accetti il nostro utilizzo dei cookie.<\/span><\/p>\n<h6><strong><span>STATISTICHE DI GOOGLE<\/span><\/strong><\/h6>\n<p><span>Questo sito web utilizza Google Analytics, un servizio di analisi web offerto da Google Inc. (&#8220;Google&#8221;). Google Analytics utilizza dei &#8220;cookie&#8221; (file di testo depositati sul Vostro computer) per consentire al sito web di analizzare come gli utenti utilizzano il sito. Le informazioni generate dal cookie sull&#8217;utilizzo del sito Web (compreso il tuo indirizzo IP) vengono trasmesse e archiviate da Google su server negli Stati Uniti. Google utilizza queste informazioni per tenere traccia dell&#8217;utilizzo del sito Web da parte dell&#8217;utente, per preparare report sull&#8217;attivit\u00e0 del sito Web per gli operatori del sito Web e per offrire altri servizi relativi all&#8217;attivit\u00e0 del sito Web e all&#8217;utilizzo di Internet. Google pu\u00f2 fornire queste informazioni a terzi ove Google sia legalmente obbligato a farlo o nella misura in cui tali terzi trattino le suddette informazioni per conto di Google. Google non combiner\u00e0 il tuo indirizzo IP con altri dati detenuti da Google. Puoi rifiutare l&#8217;uso dei cookie selezionando le impostazioni appropriate nel tuo browser. Tuttavia, vorremmo sottolineare che in tal caso potresti non essere in grado di utilizzare tutte le possibilit\u00e0 di questo sito Web. Utilizzando questo sito web acconsenti al trattamento dei dati da parte di Google secondo le modalit\u00e0 e per le finalit\u00e0 sopra descritte. Tuttavia, vorremmo sottolineare che in tal caso potresti non essere in grado di utilizzare tutte le possibilit\u00e0 di questo sito Web. Utilizzando questo sito web acconsenti al trattamento dei dati da parte di Google secondo le modalit\u00e0 e per le finalit\u00e0 sopra descritte. Tuttavia, vorremmo sottolineare che in tal caso potresti non essere in grado di utilizzare tutte le possibilit\u00e0 di questo sito Web. Utilizzando questo sito web acconsenti al trattamento dei dati da parte di Google secondo le modalit\u00e0 e per le finalit\u00e0 sopra descritte.<\/span><\/p>\n<h6><span>GOOGLE ADWORDS &#8211; SE TI UTILIZZA.<\/span><\/h6>\n<p><span>[abrtherapy] ha integrato Google AdWords nel sito web. Google AdWords \u00e8 un servizio di pubblicit\u00e0 su Internet che consente[abrtherapy] per inserire annunci nei risultati di ricerca del motore di ricerca di Google e nella rete pubblicitaria di Google. Google AdWords ci consente di predefinire parole chiave predefinite che faranno apparire un annuncio nei risultati di ricerca di Google solo quando l&#8217;utente utilizza il motore di ricerca per recuperare un risultato di ricerca rilevante per la parola chiave. Nel Google Advertising Network, gli annunci vengono diffusi su pagine web pertinenti utilizzando un algoritmo automatico, tenendo conto delle parole chiave precedentemente definite.<\/span><\/p>\n<p><span>Lo scopo di Google AdWords \u00e8 promuovere il nostro sito Web includendo annunci pubblicitari pertinenti sui siti Web di terzi e nei risultati di ricerca del motore di ricerca Google e un inserimento di annunci pubblicitari di terzi sul nostro sito Web.<\/span><\/p>\n<p><span>Se una persona raggiunge il nostro sito Web tramite un annuncio di Google, un cookie di conversione viene memorizzato sul sistema informatico della persona tramite Google. La definizione di cookie \u00e8 spiegata sopra. Un cookie di conversione perde la sua validit\u00e0 dopo 30 giorni e non viene utilizzato per identificare l&#8217;interessato. Se il cookie non \u00e8 scaduto, il cookie di conversione viene utilizzato per verificare se alcune sottopagine, ad esempio il carrello di un sistema di acquisto online, sono state richiamate sul nostro sito Web.<\/span><\/p>\n<p><span>I dati e le informazioni raccolti tramite l&#8217;uso del cookie di conversione vengono utilizzati da Google per creare statistiche sui visitatori per il nostro sito web. Queste statistiche sulle visite vengono utilizzate per determinare il numero totale di utenti serviti tramite gli annunci AdWords per determinare il successo o il fallimento di ciascun annuncio AdWords e per ottimizzare i nostri annunci AdWords in futuro. N\u00e9 la nostra azienda n\u00e9 altri inserzionisti di Google AdWords ricevono da Google informazioni che potrebbero identificare la persona interessata.<\/span><\/p>\n<p><span>Il cookie di conversione memorizza informazioni personali, ad esempio le pagine Internet visitate dall&#8217;interessato. Ogni volta che visitiamo le nostre pagine web, i dati personali, compreso l&#8217;indirizzo IP dell&#8217;accesso a Internet utilizzato dall&#8217;interessato, vengono trasmessi a Google negli Stati Uniti d&#8217;America. Queste informazioni personali sono archiviate da Google negli Stati Uniti d&#8217;America. Google pu\u00f2 trasmettere a terzi questi dati personali raccolti attraverso la procedura tecnica.<\/span><\/p>\n","protected":false},"excerpt":{"rendered":"<p>Le pagine internet di[abrtherapy] utilizzare i cookie. I cookie sono file di testo che vengono memorizzati in un sistema informatico tramite un browser Internet. Molti siti Internet e server utilizzano i cookie. Molti cookie contengono un cosiddetto cookie ID. Un [&hellip;]<\/p>\n","protected":false},"author":7,"featured_media":0,"parent":0,"menu_order":0,"comment_status":"closed","ping_status":"closed","template":"","meta":{"_exactmetrics_skip_tracking":false,"_exactmetrics_sitenote_active":false,"_exactmetrics_sitenote_note":"","_exactmetrics_sitenote_category":0,"footnotes":""},"class_list":["post-17946","page","type-page","status-publish","hentry"],"yoast_head":"<!-- This site is optimized with the Yoast SEO plugin v26.9 - https:\/\/yoast.com\/product\/yoast-seo-wordpress\/ -->\n<title>Dichiarazione sui cookie - ABR Therapy<\/title>\n<meta name=\"robots\" content=\"index, follow, max-snippet:-1, max-image-preview:large, max-video-preview:-1\" \/>\n<link rel=\"canonical\" href=\"https:\/\/abrtherapy.com\/it\/dichiarazione-sui-cookie\/\" \/>\n<meta property=\"og:locale\" content=\"it_IT\" \/>\n<meta property=\"og:type\" content=\"article\" \/>\n<meta property=\"og:title\" content=\"Dichiarazione sui cookie - ABR Therapy\" \/>\n<meta property=\"og:description\" content=\"Le pagine internet di[abrtherapy] utilizzare i cookie. I cookie sono file di testo che vengono memorizzati in un sistema informatico tramite un browser Internet. Molti siti Internet e server utilizzano i cookie. Molti cookie contengono un cosiddetto cookie ID. Un [&hellip;]\" \/>\n<meta property=\"og:url\" content=\"https:\/\/abrtherapy.com\/it\/dichiarazione-sui-cookie\/\" \/>\n<meta property=\"og:site_name\" content=\"ABR Therapy\" \/>\n<meta property=\"article:modified_time\" content=\"2022-02-15T19:45:28+00:00\" \/>\n<meta name=\"twitter:card\" content=\"summary_large_image\" \/>\n<meta name=\"twitter:label1\" content=\"Tempo di lettura stimato\" \/>\n\t<meta name=\"twitter:data1\" content=\"7 minuti\" \/>\n<script type=\"application\/ld+json\" class=\"yoast-schema-graph\">{\"@context\":\"https:\/\/schema.org\",\"@graph\":[{\"@type\":\"WebPage\",\"@id\":\"https:\/\/abrtherapy.com\/it\/dichiarazione-sui-cookie\/\",\"url\":\"https:\/\/abrtherapy.com\/it\/dichiarazione-sui-cookie\/\",\"name\":\"Dichiarazione sui cookie - ABR Therapy\",\"isPartOf\":{\"@id\":\"https:\/\/abrtherapy.com\/#website\"},\"datePublished\":\"2020-03-02T16:36:35+00:00\",\"dateModified\":\"2022-02-15T19:45:28+00:00\",\"breadcrumb\":{\"@id\":\"https:\/\/abrtherapy.com\/it\/dichiarazione-sui-cookie\/#breadcrumb\"},\"inLanguage\":\"it-IT\",\"potentialAction\":[{\"@type\":\"ReadAction\",\"target\":[\"https:\/\/abrtherapy.com\/it\/dichiarazione-sui-cookie\/\"]}]},{\"@type\":\"BreadcrumbList\",\"@id\":\"https:\/\/abrtherapy.com\/it\/dichiarazione-sui-cookie\/#breadcrumb\",\"itemListElement\":[{\"@type\":\"ListItem\",\"position\":1,\"name\":\"Home\",\"item\":\"https:\/\/abrtherapy.com\/it\/\"},{\"@type\":\"ListItem\",\"position\":2,\"name\":\"Dichiarazione sui cookie\"}]},{\"@type\":\"WebSite\",\"@id\":\"https:\/\/abrtherapy.com\/#website\",\"url\":\"https:\/\/abrtherapy.com\/\",\"name\":\"ABR Therapy\",\"description\":\"Advanced Biomechanical Rehabilitation\",\"potentialAction\":[{\"@type\":\"SearchAction\",\"target\":{\"@type\":\"EntryPoint\",\"urlTemplate\":\"https:\/\/abrtherapy.com\/?s={search_term_string}\"},\"query-input\":{\"@type\":\"PropertyValueSpecification\",\"valueRequired\":true,\"valueName\":\"search_term_string\"}}],\"inLanguage\":\"it-IT\"}]}<\/script>\n<!-- \/ Yoast SEO plugin. -->","yoast_head_json":{"title":"Dichiarazione sui cookie - ABR Therapy","robots":{"index":"index","follow":"follow","max-snippet":"max-snippet:-1","max-image-preview":"max-image-preview:large","max-video-preview":"max-video-preview:-1"},"canonical":"https:\/\/abrtherapy.com\/it\/dichiarazione-sui-cookie\/","og_locale":"it_IT","og_type":"article","og_title":"Dichiarazione sui cookie - ABR Therapy","og_description":"Le pagine internet di[abrtherapy] utilizzare i cookie. I cookie sono file di testo che vengono memorizzati in un sistema informatico tramite un browser Internet. Molti siti Internet e server utilizzano i cookie. Molti cookie contengono un cosiddetto cookie ID. Un [&hellip;]","og_url":"https:\/\/abrtherapy.com\/it\/dichiarazione-sui-cookie\/","og_site_name":"ABR Therapy","article_modified_time":"2022-02-15T19:45:28+00:00","twitter_card":"summary_large_image","twitter_misc":{"Tempo di lettura stimato":"7 minuti"},"schema":{"@context":"https:\/\/schema.org","@graph":[{"@type":"WebPage","@id":"https:\/\/abrtherapy.com\/it\/dichiarazione-sui-cookie\/","url":"https:\/\/abrtherapy.com\/it\/dichiarazione-sui-cookie\/","name":"Dichiarazione sui cookie - ABR Therapy","isPartOf":{"@id":"https:\/\/abrtherapy.com\/#website"},"datePublished":"2020-03-02T16:36:35+00:00","dateModified":"2022-02-15T19:45:28+00:00","breadcrumb":{"@id":"https:\/\/abrtherapy.com\/it\/dichiarazione-sui-cookie\/#breadcrumb"},"inLanguage":"it-IT","potentialAction":[{"@type":"ReadAction","target":["https:\/\/abrtherapy.com\/it\/dichiarazione-sui-cookie\/"]}]},{"@type":"BreadcrumbList","@id":"https:\/\/abrtherapy.com\/it\/dichiarazione-sui-cookie\/#breadcrumb","itemListElement":[{"@type":"ListItem","position":1,"name":"Home","item":"https:\/\/abrtherapy.com\/it\/"},{"@type":"ListItem","position":2,"name":"Dichiarazione sui cookie"}]},{"@type":"WebSite","@id":"https:\/\/abrtherapy.com\/#website","url":"https:\/\/abrtherapy.com\/","name":"ABR Therapy","description":"Advanced Biomechanical Rehabilitation","potentialAction":[{"@type":"SearchAction","target":{"@type":"EntryPoint","urlTemplate":"https:\/\/abrtherapy.com\/?s={search_term_string}"},"query-input":{"@type":"PropertyValueSpecification","valueRequired":true,"valueName":"search_term_string"}}],"inLanguage":"it-IT"}]}},"_links":{"self":[{"href":"https:\/\/abrtherapy.com\/it\/wp-json\/wp\/v2\/pages\/17946","targetHints":{"allow":["GET"]}}],"collection":[{"href":"https:\/\/abrtherapy.com\/it\/wp-json\/wp\/v2\/pages"}],"about":[{"href":"https:\/\/abrtherapy.com\/it\/wp-json\/wp\/v2\/types\/page"}],"author":[{"embeddable":true,"href":"https:\/\/abrtherapy.com\/it\/wp-json\/wp\/v2\/users\/7"}],"replies":[{"embeddable":true,"href":"https:\/\/abrtherapy.com\/it\/wp-json\/wp\/v2\/comments?post=17946"}],"version-history":[{"count":2,"href":"https:\/\/abrtherapy.com\/it\/wp-json\/wp\/v2\/pages\/17946\/revisions"}],"predecessor-version":[{"id":22418,"href":"https:\/\/abrtherapy.com\/it\/wp-json\/wp\/v2\/pages\/17946\/revisions\/22418"}],"wp:attachment":[{"href":"https:\/\/abrtherapy.com\/it\/wp-json\/wp\/v2\/media?parent=17946"}],"curies":[{"name":"wp","href":"https:\/\/api.w.org\/{rel}","templated":true}]}}