{"id":17938,"date":"2020-03-02T17:28:45","date_gmt":"2020-03-02T16:28:45","guid":{"rendered":"https:\/\/abrtherapy.com\/dichiarazione-sulla-privacy\/"},"modified":"2022-02-15T20:44:41","modified_gmt":"2022-02-15T19:44:41","slug":"dichiarazione-sulla-privacy","status":"publish","type":"page","link":"https:\/\/abrtherapy.com\/it\/dichiarazione-sulla-privacy\/","title":{"rendered":"Dichiarazione sulla privacy"},"content":{"rendered":"<p><span>abrtherapy prende molto sul serio i tuoi diritti durante il trattamento dei dati. Questa dichiarazione contiene la politica generale di abrtherapy nel campo del trattamento dei dati e spieghiamo come raccogliamo, elaboriamo e utilizziamo i tuoi dati personali.<\/span><\/p>\n<p><strong><span>La privacy policy di abrtherapy \u00e8 stata aggiornata il 2 marzo 2020.<\/span><\/strong><\/p>\n<p><span>Il responsabile del trattamento dei dati \u00e8:<\/span><\/p>\n<p><span>Terapia ABR BVBA<\/span><br \/>\n<span>Zomerstraat 32, 3500 Hasselt<\/span><br \/>\n<span>BE 0502.387.942<\/span><\/p>\n<p><span>In caso di domande su questa dichiarazione o politica, puoi sempre contattare il nostro responsabile della protezione dei dati<\/span> <a href=\"mailto:info@abrtherapy.com\"><span>all&#8217;indirizzo info@abrtherapy.com<\/span><\/a><span>  . Se queste domande vanno oltre una richiesta generica di informazioni, allora devi identificarti. In questo modo siamo sicuri che le informazioni richieste siano fornite alla persona giusta.<\/span><\/p>\n<p><span>Di seguito troverai una panoramica di come raccogliamo, elaboriamo e utilizziamo i tuoi dati.<\/span><\/p>\n<h5><strong><span>Quando avviene la raccolta e il trattamento?<\/span><\/strong><\/h5>\n<p><strong><span>Sei un cliente o potenziale cliente?<\/span><br \/>\n<\/strong><span>Quindi raccogliamo i tuoi dati quando:<\/span><\/p>\n<ul>\n<li><span>ti connetti contrattualmente con noi;<\/span><\/li>\n<li><span>ti registri come utente sul nostro sito web;<\/span><\/li>\n<li><span>compilare un modulo di contatto;<\/span><\/li>\n<li><span>contattaci in qualsiasi altro modo.<\/span><\/li>\n<\/ul>\n<p><strong><span>Sei un fornitore?<\/span><br \/>\n<\/strong><span>Quindi raccogliamo i tuoi dati quando:<\/span><\/p>\n<ul>\n<li><span>ti connetti contrattualmente con noi;<\/span><\/li>\n<li><span>risponde a un concorso;<\/span><\/li>\n<li><span>compilare un modulo di contatto;<\/span><\/li>\n<li><span>contattaci in qualsiasi altro modo.<\/span><\/li>\n<\/ul>\n<p><span>Infine, il nostro sito Web utilizza i cookie. Questo raccoglie solo dati anonimi sulle attivit\u00e0 sul nostro sito web. Puoi trovare maggiori informazioni a riguardo nella nostra politica sui cookie, vedi <\/span><a href=\"https:\/\/abrtherapy.com\/cookieverklaring\/\" target=\"_blank\" rel=\"noreferrer noopener\" aria-label=\"Cookie statement (opens in a new tab)\"><span>Dichiarazione sui cookie<\/span><\/a> <span>.<\/span><\/p>\n<h5><strong><span>Di quali informazioni si tratta?<\/span><\/strong><\/h5>\n<p><span>Si tratta dei dati personali che ci fornisci e di cui abbiamo bisogno per l&#8217;esecuzione dei servizi per i quali ti affidi a noi. Di seguito una panoramica:<\/span><\/p>\n<p><span>La preparazione dei preventivi e l&#8217;elaborazione e consegna della tua richiesta di prezzo:<\/span><br \/>\n<span>Per la preparazione dei preventivi e l&#8217;evasione della tua richiesta abbiamo il tuo nome, indirizzo e-mail, numero di telefono. Questo ci consente di elaborare la tua richiesta, consegnarla e comunicare con te in merito alla tua richiesta o preventivo.<\/span><\/p>\n<h5><strong><span>Per quali finalit\u00e0 vengono raccolti e trattati i tuoi dati?<\/span><\/strong><\/h5>\n<p><span>Trattiamo i dati raccolti nell&#8217;ambito della gestione del cliente (la fornitura di servizi o prodotti &#8211; quindi l&#8217;esecuzione del contratto che ci vincola), del marketing (per informarti sui nostri servizi ed eventi), della contabilit\u00e0, delle pubbliche relazioni e degli obblighi di legge. Per quanto riguarda il <\/span><a href=\"https:\/\/abrtherapy.com\/it\/\"><span>abrtherapy.com<\/span><\/a> <span>, <a href=\"https:\/\/abrtherapy.com\/it\/\">personalizziamo<\/a> il pi\u00f9 possibile il contenuto e la facilit\u00e0 d&#8217;uso per te come utente.<\/span><\/p>\n<h5><strong><span>Quali sono le basi per l&#8217;elaborazione dei dati?<\/span><\/strong><\/h5>\n<p><span>In linea di principio, raccogliamo ed elaboriamo i tuoi dati in base al rapporto contrattuale che abbiamo con te a seguito del tuo o nostro incarico.<\/span><\/p>\n<p><span>Laddove il trattamento non sia necessario per l&#8217;esecuzione del rapporto contrattuale, ad esempio con il marketing diretto, si basa sui nostri legittimi interessi come azienda, in particolare sulla libert\u00e0 di impresa e di informazione. Inoltre, garantiamo sempre un equilibrio tra i tuoi interessi e i nostri, ad esempio concedendoti un diritto di opposizione.<\/span><\/p>\n<h5><strong><span>I dati vengono ceduti a terzi?<\/span><\/strong><\/h5>\n<p><span>I tuoi dati sono trattati principalmente internamente nell&#8217;ambito della gestione del cliente e della contabilit\u00e0.<\/span><\/p>\n<p><span>Per determinati motivi, possono essere trasmessi ai nostri clienti su cui ci affidiamo e che hanno un rapporto diretto con noi. Sia che sia sempre sotto il nostro controllo e mai senza aver prima stipulato un accordo sul trattamento dei dati con l&#8217;interessato.<\/span><\/p>\n<p><span>In casi eccezionali siamo obbligati a fornire i tuoi dati. Questo \u00e8 particolarmente vero quando siamo legalmente obbligati a farlo o quando le agenzie governative hanno il diritto di richiederci informazioni. In linea di principio, i tuoi dati non vengono trasmessi a paesi terzi o organizzazioni internazionali.<\/span><\/p>\n<h5><span>DEPOSITO:<\/span><\/h5>\n<p><span>Conserveremo i tuoi dati finch\u00e9 utilizzerai la nostra applicazione Internet e finch\u00e9 avremo bisogno dei tuoi dati personali per poterti offrire un determinato servizio o prodotto.<\/span><\/p>\n<p><span>Pi\u00f9 specificamente:<\/span><br \/>\n<span>\u2022 Libri commerciali: 7 anni in originale o in formato elettronico con periodo di conservazione che decorre dal 1\u00b0 gennaio dell&#8217;anno successivo alla chiusura dell&#8217;esercizio. Seguiamo l&#8217;articolo III.86 del Codice di Diritto Economico e l&#8217;articolo 9 del Regio Decreto del 12\/09\/1983 di attuazione della legge del 17\/07\/1975 sulla contabilit\u00e0 della societ\u00e0.<\/span><br \/>\n<span>\u2022 Documenti giustificativi: 7 anni in originale o in forma elettronica con periodo di conservazione che decorre dalla chiusura dell&#8217;esercizio. Di seguito si segue l&#8217;articolo II.86 del Codice di diritto economico.<\/span><br \/>\n<span>\u2022 Documenti che non servono come prova a terzi: 3 anni in originale o copia, per cui si applica nuovamente l&#8217;articolo III.86 del codice di diritto economico.<\/span><\/p>\n<h5><span>CLICCA COMPORTAMENTO E INFORMAZIONI VISITATORI<\/span><\/h5>\n<p> Informazioni <span>generali<\/span> <a href=\"https:\/\/abrtherapy.com\/it\/\"><span>sui visitatori<\/span><\/a><span> \u00e8 registrato sul sito Web <a href=\"https:\/\/abrtherapy.com\/it\/\">abrtherapy.com<\/a> . In questo contesto, in particolare l&#8217;indirizzo IP del tuo computer, l&#8217;eventuale nome utente, l&#8217;ora del recupero e i dati inviati dal browser di un visitatore possono essere registrati e utilizzati per analisi statistiche sul comportamento di visita e clic sul sito web. Ottimizziamo anche il funzionamento del sito web. Cerchiamo di anonimizzare questi dati il pi\u00f9 possibile. Queste informazioni non vengono mai fornite a terzi.<\/span><\/p>\n<h5><span>STATISTICHE DI GOOGLE<\/span><\/h5>\n<p><a href=\"https:\/\/abrtherapy.com\/it\/\"><span>abrtherapy.com<\/span><\/a><span> utilizza Google Analytics per tenere traccia di come i navigatori utilizzano il nostro sito Web e dell&#8217;efficacia dei nostri annunci AdWords sulle pagine dei risultati di ricerca di Google. Le informazioni cos\u00ec ottenute, compreso l&#8217;indirizzo del tuo computer (indirizzo IP), vengono trasferite e archiviate da Google su server negli Stati Uniti. Leggi la privacy policy di Google per maggiori informazioni, nonch\u00e9 la specifica privacy policy di Google Analytics.<\/span><\/p>\n<p><span>Google utilizza queste informazioni per tenere traccia di come viene utilizzato il nostro sito Web, per fornirci rapporti sul sito Web e per fornire ai suoi inserzionisti informazioni sull&#8217;efficacia delle loro campagne. Google pu\u00f2 fornire queste informazioni a terzi ove Google sia legalmente obbligato a farlo o nella misura in cui tali terzi trattino le suddette informazioni per conto di Google. Non abbiamo alcuna influenza su questo. Non abbiamo consentito a Google di utilizzare le informazioni analitiche ottenute per altri servizi Google.<\/span><\/p>\n<h5><span>RE-TARGETING<\/span><\/h5>\n<p><span>Utilizziamo tecnologie di Re-Targeting. Questa tecnologia consente agli utenti di Internet che hanno precedentemente mostrato interesse per il nostro marchio e i nostri prodotti di fare pubblicit\u00e0 sui siti Web dei nostri partner. La visualizzazione di questi annunci pubblicitari si basa sulle tecnologie dei cookie ed \u00e8 completamente anonima.<\/span><\/p>\n<h5><span>FACEBOOK E TWITTER<\/span><\/h5>\n<p><a href=\"https:\/\/abrtherapy.com\/it\/\"><span>Bottoni<\/span><\/a><span> sono inclusi su <a href=\"https:\/\/abrtherapy.com\/it\/\">abrtherapy.com<\/a> per promuovere o condividere pagine sui social network Facebook e Twitter. Questi pulsanti sono realizzati da un codice fornito da Facebook e Twitter stesso. Questo codice inserisce, tra le altre cose, un cookie (vedi sopra).<\/span><\/p>\n<p><span>Leggi l&#8217;informativa sulla privacy di Facebook e Twittwer (che pu\u00f2 cambiare regolarmente) per vedere cosa fanno con i tuoi dati personali che elaborano con questo codice.<\/span><\/p>\n<h5><span>NEWSLETTER<\/span><\/h5>\n<p><span>Offriamo una newsletter con la quale vogliamo informare le parti interessate sulle novit\u00e0, i nostri servizi e le questioni correlate. Il tuo indirizzo e-mail verr\u00e0 aggiunto all&#8217;elenco degli iscritti solo con il tuo esplicito consenso. Ogni newsletter contiene un link che puoi usare per cancellarti. Il file di iscrizione alla newsletter non viene fornito a terzi.<\/span><\/p>\n<h5><span>MODULO DI CONTATTO<\/span><\/h5>\n<p><span>Vuoi compilare il modulo di contatto sul nostro sito? Normalmente utilizziamo la posta elettronica per comunicare con te. Se qualcosa non \u00e8 ancora chiaro o se qualcosa \u00e8 andato storto, \u00e8 possibile che ti chiameremo per poter gestire tutto pi\u00f9 agevolmente. Ma non ti chiameremo solo, promesso!<\/span><\/p>\n<h5><span>UTILIZZO DEI COOKIE<\/span><\/h5>\n<p><span>Utilizziamo i cookie quando offriamo servizi elettronici. Un cookie \u00e8 un semplice file di piccole dimensioni che viene inviato insieme alle pagine di questo sito Web e viene memorizzato dal tuo browser sul disco rigido del tuo computer. Utilizziamo i cookie per ricordare le tue impostazioni e preferenze. Puoi disabilitare questi cookie tramite il tuo browser.<\/span><\/p>\n<p><span>I cookie della societ\u00e0 americana Google vengono inseriti tramite il nostro sito Web nell&#8217;ambito del servizio &#8220;Analytics&#8221;. Utilizziamo questo servizio per tenere traccia e ottenere rapporti su come i visitatori utilizzano il sito web. Google pu\u00f2 fornire queste informazioni a terzi ove Google sia legalmente obbligato a farlo o laddove terzi trattino le suddette informazioni per conto di Google. Non abbiamo alcuna influenza su questo.<\/span><\/p>\n<h5><span>SICUREZZA<\/span><\/h5>\n<p><span>Per questo trattamento, adottiamo le misure tecniche e organizzative appropriate per proteggere in modo ottimale i tuoi dati, tenendo conto della natura dei dati e dei rischi associati. Non memorizziamo alcun dato personale speciale e disponiamo delle seguenti misure per la sicurezza dei tuoi dati:<\/span><\/p>\n<p><span>\u2022 I computer su cui vengono elaborati i dati sono protetti di serie con un nome utente e una password complessa.<\/span><\/p>\n<p><span>\u2022 Tutti i computer sono dotati di una soluzione Small Office Security, che ovviamente \u00e8 sempre &#8220;aggiornata&#8221; ed esegue automaticamente pi\u00f9 scansioni. Tutte le installazioni di Windows vengono aggiornate automaticamente. L&#8217;installazione viene verificata almeno una volta al mese ed eventualmente avviata manualmente.<\/span><\/p>\n<p><span>\u2022 I dati vengono archiviati su una parte del disco configurata come &#8220;data safe&#8221;. Questo \u00e8 crittografato ed \u00e8 possibile accedervi solo dopo aver avviato i computer + accesso a Windows + apertura della cassaforte utilizzando Kaspersky e una password lunga e complessa.<\/span><\/p>\n<p><span>\u2022 Per prevenire la perdita di dati in caso di perdita di computer, eseguiamo backup giornalieri in un ambiente cloud crittografato.<\/span><\/p>\n<p><span>\u2022 I dati vengono prima compressi, quindi crittografati con una chiave di almeno AES256 bit e questo modulo viene archiviato in una posizione fuori sede. Il responsabile dei backup non pu\u00f2 leggere i dati in questo modo in quanto la chiave di crittografia \u00e8 conosciuta solo da noi e archiviata in un apposito &#8220;password manager&#8221;.<\/span><\/p>\n<p><span>\u2022 Tutte le password sono gestite da Kaspersky password manager e archiviate nell&#8217;ambiente cloud.<\/span><\/p>\n<p><span>\u2022 I nostri dipendenti sono pienamente informati sul trattamento sicuro dei vostri dati personali e sono tenuti alla riservatezza dal loro contratto di lavoro.<\/span><\/p>\n<p><span>\u2022 Nessun dato viene conservato su carta per la possibilit\u00e0 di registrazione online e non \u00e8 accessibile a persone non autorizzate.<\/span><\/p>\n<p><span>Il passato ci insegna che nessun rischio \u00e8 completamente evitato e se siamo a conoscenza di accessi non autorizzati ai nostri sistemi informatici o modifiche non autorizzate, danni o possibile perdita dei tuoi dati, adotteremo immediatamente tutte le misure necessarie per ridurre al minimo questo rischio e per evitare in futuro. Di conseguenza, i possibili danni per te rimarranno molto limitati.<\/span><\/p>\n<h5><span>TRASFERIMENTO:<\/span><\/h5>\n<p><span>Trasmettiamo i tuoi dati alle seguenti parti per gli scopi indicati di seguito;<\/span><\/p>\n<p><span>\u2022 Il contabile per ottemperare ai nostri requisiti di contabilit\u00e0 legale;<\/span><br \/>\n<span>\u2022 Per i dipendenti: Il segretariato sociale ai fini del calcolo della retribuzione;<\/span><br \/>\n<span>\u2022 Il fornitore di questa applicazione con l&#8217;obiettivo di garantire la sicurezza e il funzionamento di questa applicazione Internet.<\/span><\/p>\n<p><span>PS Riguarda solo i tuoi dati personali generali e questi non saranno ceduti ad enti e\/o persone per finalit\u00e0 di marketing.<\/span><\/p>\n<p><span>Per altre parti, lo facciamo solo con la tua esplicita autorizzazione o per tuo conto.<\/span><\/p>\n<p><span>Concludiamo accordi di elaborazione con le parti sopra menzionate, che prevedono che anche loro debbano rispettare le linee guida GDPR \/ AVG.<\/span><\/p>\n<p><span>Garantiremo in ogni momento che i tuoi dati personali NON verranno archiviati al di fuori del SEE senza una solida garanzia da parte delle parti coinvolte che rispettino pienamente anche la legislazione GDPR \/ AVG.<\/span><\/p>\n<h5><span>I TUOI DIRITTI<\/span><\/h5>\n<h5><strong><span>Che diritti hai?<\/span><\/strong><\/h5>\n<p><span>Se elaboriamo i tuoi dati ai fini del marketing diretto, puoi opporti in qualsiasi momento. A tal fine \u00e8 sufficiente contattare il nostro ufficio marketing tramite <\/span><a href=\"mailto:info@abrtherapy.com\"><span>info@abrtherapy.com<\/span><\/a> <span>.<\/span><\/p>\n<p><span>Puoi sempre visualizzare i tuoi dati che elaboriamo e, se necessario, farli correggere o eliminare. Per fare ci\u00f2 \u00e8 sufficiente chiedere al nostro Responsabile della protezione dei dati via <\/span><a href=\"mailto:info@abrtherapy.com\"><span>info@abrtherapy.com<\/span><\/a><span>  . Richiediamo solo una prova della tua identit\u00e0. Questo per evitare che i tuoi dati vengano comunicati a soggetti che non ne hanno diritto.<\/span><\/p>\n<p><span>Di seguito una sintesi dei tuoi diritti in merito al trattamento dei tuoi dati personali, indipendentemente dal fatto che si applichi o meno e come puoi farli valere:<\/span><\/p>\n<p><span>\u2022 Ispezione: hai il diritto di richiedere l&#8217;ispezione di quali informazioni deteniamo su di te e in caso di errori o omissioni, richieste di rettifica, aggiunta e persino cancellazione.<\/span><br \/>\n<span>\u2022 Attenzione!: Se richiedi la rimozione, questa pu\u00f2 essere eseguita solo a condizione che non abbiamo pi\u00f9 bisogno delle tue informazioni per motivi diversi da quelli indicati nella nostra descrizione dello scopo punto 3. In<\/span><br \/>\n<span>in particolare, considerare la legislazione fiscale e sociale.<\/span><br \/>\n<span>\u2022 Trasferibilit\u00e0: se desideri cambiare fornitore di servizi, consegneremo i tuoi dati personali in un formato standard leggibile digitalmente alla nuova organizzazione.<\/span><br \/>\n<span>\u2022 Obiezione al processo decisionale automatizzato e alla profilazione: poich\u00e9 non lo implementiamo, anche questo non si applica.<\/span><br \/>\n<span>\u2022 Obiezione al trattamento dei dati: questo vale solo se i tuoi dati vengono utilizzati per il marketing diretto, ma poich\u00e9 non lo implementiamo nemmeno, questo non si applica.<\/span><br \/>\n<span>\u2022 Diritto alla trasparenza: Il contenuto della presente informativa privacy verrai informato tramite questo link, in allegato ad ogni contatto elettronico e collocato in maniera visibile presso le nostre sedi.<\/span><\/p>\n<p><span>Un addebito pu\u00f2 essere consegnato su semplice richiesta.<\/span><br \/>\n<span>Se desideri applicare uno o pi\u00f9 di questi diritti, ti preghiamo di richiederlo per iscritto con la prova della tua doppia verifica di adesione tramite e-mail e ti risponderemo entro 30 giorni.<\/span><\/p>\n<h5><span>DENUNCE, CONTESTAZIONI<\/span><\/h5>\n<p><span>Se non sei d&#8217;accordo con il modo in cui gestiamo i tuoi dati personali, rispetti i tuoi diritti o questa informativa sulla privacy, faccelo sapere prima in modo che possiamo rispondere in modo appropriato.<\/span><\/p>\n<p><span>Puoi sempre presentare un reclamo<\/span> <a href=\"https:\/\/www.gegevensbeschermingsautoriteit.be\/\" target=\"_blank\" rel=\"noreferrer noopener\"><span>all&#8217;Autorit\u00e0<\/span><\/a> per la protezione dei dati <span>= GBA (la vecchia Commissione per la privacy) tramite <a href=\"https:\/\/www.gegevensbeschermingsautoriteit.be\/\" target=\"_blank\" rel=\"noreferrer noopener\">www.gegevensbeschermingsautoriteit.be<\/a> in 1000 Bruxelles, <a href=\"https:\/\/www.gegevensbeschermingsautoriteit.be\/\" target=\"_blank\" rel=\"noreferrer noopener\">Drukpersstraat<\/a> 35 o via mail a contact@apd-gba.be o per telefono allo 02 \/ 274.48. 00<\/span><\/p>\n<h5><span>VARIE:<\/span><\/h5>\n<p><span>Ci riserviamo il diritto di modificare la presente informativa sulla privacy. Le modifiche saranno pubblicate su questo sito.<\/span><\/p>\n","protected":false},"excerpt":{"rendered":"<p>abrtherapy prende molto sul serio i tuoi diritti durante il trattamento dei dati. Questa dichiarazione contiene la politica generale di abrtherapy nel campo del trattamento dei dati e spieghiamo come raccogliamo, elaboriamo e utilizziamo i tuoi dati personali. La privacy [&hellip;]<\/p>\n","protected":false},"author":7,"featured_media":0,"parent":0,"menu_order":0,"comment_status":"closed","ping_status":"closed","template":"","meta":{"_exactmetrics_skip_tracking":false,"_exactmetrics_sitenote_active":false,"_exactmetrics_sitenote_note":"","_exactmetrics_sitenote_category":0,"footnotes":""},"class_list":["post-17938","page","type-page","status-publish","hentry"],"yoast_head":"<!-- This site is optimized with the Yoast SEO plugin v26.9 - https:\/\/yoast.com\/product\/yoast-seo-wordpress\/ -->\n<title>Dichiarazione sulla privacy - ABR Therapy<\/title>\n<meta name=\"robots\" content=\"index, follow, max-snippet:-1, max-image-preview:large, max-video-preview:-1\" \/>\n<link rel=\"canonical\" href=\"https:\/\/abrtherapy.com\/it\/dichiarazione-sulla-privacy\/\" \/>\n<meta property=\"og:locale\" content=\"it_IT\" \/>\n<meta property=\"og:type\" content=\"article\" \/>\n<meta property=\"og:title\" content=\"Dichiarazione sulla privacy - ABR Therapy\" \/>\n<meta property=\"og:description\" content=\"abrtherapy prende molto sul serio i tuoi diritti durante il trattamento dei dati. Questa dichiarazione contiene la politica generale di abrtherapy nel campo del trattamento dei dati e spieghiamo come raccogliamo, elaboriamo e utilizziamo i tuoi dati personali. La privacy [&hellip;]\" \/>\n<meta property=\"og:url\" content=\"https:\/\/abrtherapy.com\/it\/dichiarazione-sulla-privacy\/\" \/>\n<meta property=\"og:site_name\" content=\"ABR Therapy\" \/>\n<meta property=\"article:modified_time\" content=\"2022-02-15T19:44:41+00:00\" \/>\n<meta name=\"twitter:card\" content=\"summary_large_image\" \/>\n<meta name=\"twitter:label1\" content=\"Tempo di lettura stimato\" \/>\n\t<meta name=\"twitter:data1\" content=\"11 minuti\" \/>\n<script type=\"application\/ld+json\" class=\"yoast-schema-graph\">{\"@context\":\"https:\/\/schema.org\",\"@graph\":[{\"@type\":\"WebPage\",\"@id\":\"https:\/\/abrtherapy.com\/it\/dichiarazione-sulla-privacy\/\",\"url\":\"https:\/\/abrtherapy.com\/it\/dichiarazione-sulla-privacy\/\",\"name\":\"Dichiarazione sulla privacy - ABR Therapy\",\"isPartOf\":{\"@id\":\"https:\/\/abrtherapy.com\/#website\"},\"datePublished\":\"2020-03-02T16:28:45+00:00\",\"dateModified\":\"2022-02-15T19:44:41+00:00\",\"breadcrumb\":{\"@id\":\"https:\/\/abrtherapy.com\/it\/dichiarazione-sulla-privacy\/#breadcrumb\"},\"inLanguage\":\"it-IT\",\"potentialAction\":[{\"@type\":\"ReadAction\",\"target\":[\"https:\/\/abrtherapy.com\/it\/dichiarazione-sulla-privacy\/\"]}]},{\"@type\":\"BreadcrumbList\",\"@id\":\"https:\/\/abrtherapy.com\/it\/dichiarazione-sulla-privacy\/#breadcrumb\",\"itemListElement\":[{\"@type\":\"ListItem\",\"position\":1,\"name\":\"Home\",\"item\":\"https:\/\/abrtherapy.com\/it\/\"},{\"@type\":\"ListItem\",\"position\":2,\"name\":\"Dichiarazione sulla privacy\"}]},{\"@type\":\"WebSite\",\"@id\":\"https:\/\/abrtherapy.com\/#website\",\"url\":\"https:\/\/abrtherapy.com\/\",\"name\":\"ABR Therapy\",\"description\":\"Advanced Biomechanical Rehabilitation\",\"potentialAction\":[{\"@type\":\"SearchAction\",\"target\":{\"@type\":\"EntryPoint\",\"urlTemplate\":\"https:\/\/abrtherapy.com\/?s={search_term_string}\"},\"query-input\":{\"@type\":\"PropertyValueSpecification\",\"valueRequired\":true,\"valueName\":\"search_term_string\"}}],\"inLanguage\":\"it-IT\"}]}<\/script>\n<!-- \/ Yoast SEO plugin. -->","yoast_head_json":{"title":"Dichiarazione sulla privacy - ABR Therapy","robots":{"index":"index","follow":"follow","max-snippet":"max-snippet:-1","max-image-preview":"max-image-preview:large","max-video-preview":"max-video-preview:-1"},"canonical":"https:\/\/abrtherapy.com\/it\/dichiarazione-sulla-privacy\/","og_locale":"it_IT","og_type":"article","og_title":"Dichiarazione sulla privacy - ABR Therapy","og_description":"abrtherapy prende molto sul serio i tuoi diritti durante il trattamento dei dati. Questa dichiarazione contiene la politica generale di abrtherapy nel campo del trattamento dei dati e spieghiamo come raccogliamo, elaboriamo e utilizziamo i tuoi dati personali. La privacy [&hellip;]","og_url":"https:\/\/abrtherapy.com\/it\/dichiarazione-sulla-privacy\/","og_site_name":"ABR Therapy","article_modified_time":"2022-02-15T19:44:41+00:00","twitter_card":"summary_large_image","twitter_misc":{"Tempo di lettura stimato":"11 minuti"},"schema":{"@context":"https:\/\/schema.org","@graph":[{"@type":"WebPage","@id":"https:\/\/abrtherapy.com\/it\/dichiarazione-sulla-privacy\/","url":"https:\/\/abrtherapy.com\/it\/dichiarazione-sulla-privacy\/","name":"Dichiarazione sulla privacy - ABR Therapy","isPartOf":{"@id":"https:\/\/abrtherapy.com\/#website"},"datePublished":"2020-03-02T16:28:45+00:00","dateModified":"2022-02-15T19:44:41+00:00","breadcrumb":{"@id":"https:\/\/abrtherapy.com\/it\/dichiarazione-sulla-privacy\/#breadcrumb"},"inLanguage":"it-IT","potentialAction":[{"@type":"ReadAction","target":["https:\/\/abrtherapy.com\/it\/dichiarazione-sulla-privacy\/"]}]},{"@type":"BreadcrumbList","@id":"https:\/\/abrtherapy.com\/it\/dichiarazione-sulla-privacy\/#breadcrumb","itemListElement":[{"@type":"ListItem","position":1,"name":"Home","item":"https:\/\/abrtherapy.com\/it\/"},{"@type":"ListItem","position":2,"name":"Dichiarazione sulla privacy"}]},{"@type":"WebSite","@id":"https:\/\/abrtherapy.com\/#website","url":"https:\/\/abrtherapy.com\/","name":"ABR Therapy","description":"Advanced Biomechanical Rehabilitation","potentialAction":[{"@type":"SearchAction","target":{"@type":"EntryPoint","urlTemplate":"https:\/\/abrtherapy.com\/?s={search_term_string}"},"query-input":{"@type":"PropertyValueSpecification","valueRequired":true,"valueName":"search_term_string"}}],"inLanguage":"it-IT"}]}},"_links":{"self":[{"href":"https:\/\/abrtherapy.com\/it\/wp-json\/wp\/v2\/pages\/17938","targetHints":{"allow":["GET"]}}],"collection":[{"href":"https:\/\/abrtherapy.com\/it\/wp-json\/wp\/v2\/pages"}],"about":[{"href":"https:\/\/abrtherapy.com\/it\/wp-json\/wp\/v2\/types\/page"}],"author":[{"embeddable":true,"href":"https:\/\/abrtherapy.com\/it\/wp-json\/wp\/v2\/users\/7"}],"replies":[{"embeddable":true,"href":"https:\/\/abrtherapy.com\/it\/wp-json\/wp\/v2\/comments?post=17938"}],"version-history":[{"count":1,"href":"https:\/\/abrtherapy.com\/it\/wp-json\/wp\/v2\/pages\/17938\/revisions"}],"predecessor-version":[{"id":22413,"href":"https:\/\/abrtherapy.com\/it\/wp-json\/wp\/v2\/pages\/17938\/revisions\/22413"}],"wp:attachment":[{"href":"https:\/\/abrtherapy.com\/it\/wp-json\/wp\/v2\/media?parent=17938"}],"curies":[{"name":"wp","href":"https:\/\/api.w.org\/{rel}","templated":true}]}}