{"id":17945,"date":"2020-03-02T17:33:36","date_gmt":"2020-03-02T16:33:36","guid":{"rendered":"https:\/\/abrtherapy.com\/declaration-relative-aux-cookies\/"},"modified":"2022-02-15T20:45:30","modified_gmt":"2022-02-15T19:45:30","slug":"declaration-relative-aux-cookies","status":"publish","type":"page","link":"https:\/\/abrtherapy.com\/fr\/declaration-relative-aux-cookies\/","title":{"rendered":"D\u00e9claration relative aux cookies"},"content":{"rendered":"<p><span>Les pages internet de[abrtherapy] utiliser des cookies. Les cookies sont des fichiers texte qui sont stock\u00e9s dans un syst\u00e8me informatique via un navigateur Internet.<\/span><\/p>\n<p><span>De nombreux sites Internet et serveurs utilisent des cookies. De nombreux cookies contiennent un soi-disant identifiant de cookie. Un identifiant de cookie est un identifiant unique du cookie. Il consiste en une cha\u00eene avec laquelle les pages Internet et les serveurs peuvent \u00eatre attribu\u00e9s au navigateur Internet sp\u00e9cifique dans lequel le cookie est stock\u00e9. Cela permet aux sites Internet et aux serveurs visit\u00e9s de distinguer le navigateur individuel de la personne concern\u00e9e des autres navigateurs Internet qui contiennent d&rsquo;autres cookies. Un navigateur Internet sp\u00e9cifique peut \u00eatre reconnu et identifi\u00e9 \u00e0 l&rsquo;aide de l&rsquo;ID de cookie unique.<\/span><\/p>\n<p><span>En utilisant des cookies,[abrtherapy] peut fournir aux utilisateurs de ce site Web des services plus conviviaux qui ne seraient pas possibles sans la configuration des cookies.<\/span><\/p>\n<ul>\n<li><span>Pour simplifier votre utilisation de notre site Web, des cookies techniques et de session sont utilis\u00e9s. Ces cookies sont donc strictement n\u00e9cessaires au fonctionnement du site.<\/span><\/li>\n<\/ul>\n<p><span>Au moyen d&rsquo;un cookie, les informations et les offres sur notre site Web peuvent \u00eatre optimis\u00e9es en pensant \u00e0 l&rsquo;utilisateur. Les cookies nous permettent, comme mentionn\u00e9 pr\u00e9c\u00e9demment, de reconna\u00eetre les utilisateurs de notre site Web. Le but de cette reconnaissance est de faciliter l&rsquo;utilisation de notre site Web par les utilisateurs. Par exemple, l&rsquo;utilisateur du site Web qui utilise des cookies n&rsquo;a pas \u00e0 saisir de donn\u00e9es d&rsquo;acc\u00e8s \u00e0 chaque visite du site Web, car elles sont reprises par le site Web et le cookie est donc stock\u00e9 sur le syst\u00e8me informatique de l&rsquo;utilisateur.<\/span><\/p>\n<p><span>Tous les autres cookies ne sont install\u00e9s\/activ\u00e9s qu&rsquo;apr\u00e8s votre consentement explicite et pr\u00e9alable lors de votre premi\u00e8re visite sur le site. Cette autorisation peut \u00eatre exprim\u00e9e de mani\u00e8re g\u00e9n\u00e9rale, par exemple en r\u00e9ponse \u00e0 la banni\u00e8re cookie. Votre permission sera trac\u00e9e pour d&rsquo;autres visites futures sur le site Web. En tant qu&rsquo;utilisateur, vous avez toujours le droit de retirer tout ou partie de votre autorisation explicite.<\/span><\/p>\n<p><span>Les cookies \u00e9tant des donn\u00e9es personnelles, leur traitement est r\u00e9gi par notre d\u00e9claration de confidentialit\u00e9. En acceptant notre politique en mati\u00e8re de cookies, vous nous autorisez \u00e0 traiter vos donn\u00e9es personnelles (en particulier les cookies) conform\u00e9ment \u00e0 notre d\u00e9claration de confidentialit\u00e9.<\/span><\/p>\n<p><span>Pour plus d&rsquo;informations sur les cookies, visitez www.allaboutcookies.org ou www.youronlinechoices.eu.<\/span><\/p>\n<h6><strong><span>L&rsquo;UTILISATION DE \u00ab\u00a0COOKIES\u00a0\u00bb.<\/span><\/strong><\/h6>\n<p><span>Lors d&rsquo;une visite sur le site, des \u00ab\u00a0cookies\u00a0\u00bb peuvent \u00eatre d\u00e9pos\u00e9s sur le disque dur de votre ordinateur. Un cookie est un fichier texte qui est plac\u00e9 par le serveur d&rsquo;un site internet dans le navigateur de votre ordinateur ou sur votre appareil mobile lorsque vous consultez un site internet. Les cookies ne peuvent pas \u00eatre utilis\u00e9s pour identifier des personnes, un cookie ne peut qu&rsquo;identifier une machine. [Abrtherapy] utilise les cookies suivants :<\/span><\/p>\n<p><strong><span>\u00ab\u00a0Cookies propri\u00e9taires\u00a0\u00bb<\/span><\/strong><span> sont des cookies techniques qui sont utilis\u00e9s par le site visit\u00e9 lui-m\u00eame et qui visent \u00e0 faire fonctionner le site de mani\u00e8re optimale. Exemple : des param\u00e9trages que l&rsquo;utilisateur a effectu\u00e9s lors de pr\u00e9c\u00e9dentes visites sur le site, ou encore : un formulaire pr\u00e9-rempli avec des donn\u00e9es que l&rsquo;utilisateur a effectu\u00e9es lors de pr\u00e9c\u00e9dentes visites.<\/span><\/p>\n<p><strong><span>\u00ab&nbsp;Cookies tiers&nbsp;\u00bb<\/span><\/strong><span> sont des cookies qui ne proviennent pas du site Web lui-m\u00eame, mais proviennent de tiers, par exemple un plug-in marketing ou publicitaire existant. Par exemple, les cookies de Facebook ou Google Analytics. Pour de tels cookies, le visiteur du site doit d&rsquo;abord donner son autorisation &#8211; cela peut \u00eatre fait via une barre en bas ou en haut du site Web, en r\u00e9f\u00e9rence \u00e0 cette politique, qui n&#8217;emp\u00eache pas la poursuite de la navigation sur le site.)<\/span><\/p>\n<p><span>Vous pouvez configurer votre navigateur Internet de mani\u00e8re \u00e0 ce que les cookies ne soient pas accept\u00e9s, que vous receviez un avertissement lorsqu&rsquo;un cookie est install\u00e9 ou que les cookies soient ensuite supprim\u00e9s de votre disque dur. Vous pouvez le faire via les param\u00e8tres de votre navigateur (via la fonction d&rsquo;aide). N&rsquo;oubliez pas que certains \u00e9l\u00e9ments graphiques peuvent ne pas s&rsquo;afficher correctement ou que vous ne pourrez pas utiliser certaines applications.<\/span><\/p>\n<p><span>En utilisant notre site Web, vous acceptez notre utilisation des cookies.<\/span><\/p>\n<h6><strong><span>GOOGLE ANALYTICS<\/span><\/strong><\/h6>\n<p><span>Ce site Web utilise Google Analytics, un service d&rsquo;analyse Web propos\u00e9 par Google Inc. (\u00ab\u00a0Google\u00a0\u00bb). Google Analytics utilise des \u00ab\u00a0cookies\u00a0\u00bb (fichiers texte plac\u00e9s sur votre ordinateur) pour aider le site Web \u00e0 analyser la fa\u00e7on dont les utilisateurs utilisent le site. Les informations g\u00e9n\u00e9r\u00e9es par le cookie concernant votre utilisation du site Web (y compris votre adresse IP) sont transf\u00e9r\u00e9es et stock\u00e9es par Google sur des serveurs aux \u00c9tats-Unis. Google utilise ces informations pour suivre votre utilisation du site Web, pour pr\u00e9parer des rapports sur l&rsquo;activit\u00e9 du site Web pour les op\u00e9rateurs de site Web et pour offrir d&rsquo;autres services li\u00e9s \u00e0 l&rsquo;activit\u00e9 du site Web et \u00e0 l&rsquo;utilisation d&rsquo;Internet. Google peut fournir ces informations \u00e0 des tiers si Google est l\u00e9galement tenu de le faire, ou dans la mesure o\u00f9 ces tiers traitent les informations pour le compte de Google. Google ne combinera pas votre adresse IP avec d&rsquo;autres donn\u00e9es d\u00e9tenues par Google. Vous pouvez refuser l&rsquo;utilisation de cookies en choisissant les param\u00e8tres appropri\u00e9s de votre navigateur. Cependant, nous attirons votre attention sur le fait que dans ce cas, vous ne pourrez peut-\u00eatre pas utiliser toutes les possibilit\u00e9s de ce site Web. En utilisant ce site Internet, vous consentez express\u00e9ment au traitement de vos donn\u00e9es par Google dans les conditions et pour les finalit\u00e9s d\u00e9crites ci-dessus. Cependant, nous attirons votre attention sur le fait que dans ce cas, vous ne pourrez peut-\u00eatre pas utiliser toutes les possibilit\u00e9s de ce site Web. En utilisant ce site Internet, vous consentez express\u00e9ment au traitement de vos donn\u00e9es par Google dans les conditions et pour les finalit\u00e9s d\u00e9crites ci-dessus. Cependant, nous attirons votre attention sur le fait que dans ce cas, vous ne pourrez peut-\u00eatre pas utiliser toutes les possibilit\u00e9s de ce site Web. En utilisant ce site Internet, vous consentez express\u00e9ment au traitement de vos donn\u00e9es par Google dans les conditions et pour les finalit\u00e9s d\u00e9crites ci-dessus.<\/span><\/p>\n<h6><span>GOOGLE ADWORDS &#8211; SI VOUS L&rsquo;UTILISEZ.<\/span><\/h6>\n<p><span>[abrtherapy] a int\u00e9gr\u00e9 Google AdWords sur le site Web. Google AdWords est un service de publicit\u00e9 sur Internet qui permet[abrtherapy] pour placer des annonces dans les r\u00e9sultats de recherche du moteur de recherche Google et dans le r\u00e9seau publicitaire de Google. Google AdWords nous permet de pr\u00e9d\u00e9finir des mots cl\u00e9s pr\u00e9d\u00e9finis qui feront appara\u00eetre une annonce dans les r\u00e9sultats de recherche Google uniquement lorsque l&rsquo;utilisateur utilise le moteur de recherche pour r\u00e9cup\u00e9rer un r\u00e9sultat de recherche pertinent pour les mots cl\u00e9s. Dans le r\u00e9seau publicitaire de Google, les publicit\u00e9s sont diffus\u00e9es sur les pages Web pertinentes \u00e0 l&rsquo;aide d&rsquo;un algorithme automatique, en tenant compte des mots-cl\u00e9s pr\u00e9alablement d\u00e9finis.<\/span><\/p>\n<p><span>Le but de Google AdWords est de promouvoir notre site Web en incluant des publicit\u00e9s pertinentes sur les sites Web de tiers et dans les r\u00e9sultats de recherche du moteur de recherche Google et une insertion de publicit\u00e9s de tiers sur notre site Web.<\/span><\/p>\n<p><span>Si une personne acc\u00e8de \u00e0 notre site Web via une publicit\u00e9 Google, un cookie de conversion est stock\u00e9 sur le syst\u00e8me informatique de la personne via Google. La d\u00e9finition des cookies est expliqu\u00e9e ci-dessus. Un cookie de conversion perd sa validit\u00e9 au bout de 30 jours et ne sert pas \u00e0 identifier la personne concern\u00e9e. Si le cookie n&rsquo;a pas expir\u00e9, le cookie de conversion est utilis\u00e9 pour v\u00e9rifier si certaines sous-pages, par exemple le panier d&rsquo;un syst\u00e8me d&rsquo;achat en ligne, ont \u00e9t\u00e9 appel\u00e9es sur notre site Web.<\/span><\/p>\n<p><span>Les donn\u00e9es et informations collect\u00e9es via l&rsquo;utilisation du cookie de conversion sont utilis\u00e9es par Google pour cr\u00e9er des statistiques de fr\u00e9quentation de notre site Web. Ces statistiques de visite sont utilis\u00e9es pour d\u00e9terminer le nombre total d&rsquo;utilisateurs servis par les annonces AdWords afin de d\u00e9terminer le succ\u00e8s ou l&rsquo;\u00e9chec de chaque annonce AdWords et d&rsquo;optimiser nos annonces AdWords \u00e0 l&rsquo;avenir. Ni notre soci\u00e9t\u00e9 ni les autres annonceurs Google AdWords ne re\u00e7oivent de Google des informations permettant d&rsquo;identifier la personne concern\u00e9e.<\/span><\/p>\n<p><span>Le cookie de conversion stocke des informations personnelles, par exemple les pages Internet visit\u00e9es par la personne concern\u00e9e. Chaque fois que nous visitons nos pages Web, des donn\u00e9es personnelles, y compris l&rsquo;adresse IP de l&rsquo;acc\u00e8s Internet utilis\u00e9 par la personne concern\u00e9e, sont transmises \u00e0 Google aux \u00c9tats-Unis d&rsquo;Am\u00e9rique. Ces informations personnelles sont stock\u00e9es par Google aux \u00c9tats-Unis d&rsquo;Am\u00e9rique. Google peut transmettre ces donn\u00e9es personnelles collect\u00e9es par le biais de la proc\u00e9dure technique \u00e0 des tiers.<\/span><\/p>\n","protected":false},"excerpt":{"rendered":"<p>Les pages internet de[abrtherapy] utiliser des cookies. Les cookies sont des fichiers texte qui sont stock\u00e9s dans un syst\u00e8me informatique via un navigateur Internet. De nombreux sites Internet et serveurs utilisent des cookies. De nombreux cookies contiennent un soi-disant identifiant [&hellip;]<\/p>\n","protected":false},"author":7,"featured_media":0,"parent":0,"menu_order":0,"comment_status":"closed","ping_status":"closed","template":"","meta":{"_exactmetrics_skip_tracking":false,"_exactmetrics_sitenote_active":false,"_exactmetrics_sitenote_note":"","_exactmetrics_sitenote_category":0,"footnotes":""},"class_list":["post-17945","page","type-page","status-publish","hentry"],"yoast_head":"<!-- This site is optimized with the Yoast SEO plugin v26.9 - https:\/\/yoast.com\/product\/yoast-seo-wordpress\/ -->\n<title>D\u00e9claration relative aux cookies - ABR Therapy<\/title>\n<meta name=\"robots\" content=\"index, follow, max-snippet:-1, max-image-preview:large, max-video-preview:-1\" \/>\n<link rel=\"canonical\" href=\"https:\/\/abrtherapy.com\/fr\/declaration-relative-aux-cookies\/\" \/>\n<meta property=\"og:locale\" content=\"fr_FR\" \/>\n<meta property=\"og:type\" content=\"article\" \/>\n<meta property=\"og:title\" content=\"D\u00e9claration relative aux cookies - ABR Therapy\" \/>\n<meta property=\"og:description\" content=\"Les pages internet de[abrtherapy] utiliser des cookies. Les cookies sont des fichiers texte qui sont stock\u00e9s dans un syst\u00e8me informatique via un navigateur Internet. De nombreux sites Internet et serveurs utilisent des cookies. De nombreux cookies contiennent un soi-disant identifiant [&hellip;]\" \/>\n<meta property=\"og:url\" content=\"https:\/\/abrtherapy.com\/fr\/declaration-relative-aux-cookies\/\" \/>\n<meta property=\"og:site_name\" content=\"ABR Therapy\" \/>\n<meta property=\"article:modified_time\" content=\"2022-02-15T19:45:30+00:00\" \/>\n<meta name=\"twitter:card\" content=\"summary_large_image\" \/>\n<meta name=\"twitter:label1\" content=\"Dur\u00e9e de lecture estim\u00e9e\" \/>\n\t<meta name=\"twitter:data1\" content=\"8 minutes\" \/>\n<script type=\"application\/ld+json\" class=\"yoast-schema-graph\">{\"@context\":\"https:\/\/schema.org\",\"@graph\":[{\"@type\":\"WebPage\",\"@id\":\"https:\/\/abrtherapy.com\/fr\/declaration-relative-aux-cookies\/\",\"url\":\"https:\/\/abrtherapy.com\/fr\/declaration-relative-aux-cookies\/\",\"name\":\"D\u00e9claration relative aux cookies - ABR Therapy\",\"isPartOf\":{\"@id\":\"https:\/\/abrtherapy.com\/#website\"},\"datePublished\":\"2020-03-02T16:33:36+00:00\",\"dateModified\":\"2022-02-15T19:45:30+00:00\",\"breadcrumb\":{\"@id\":\"https:\/\/abrtherapy.com\/fr\/declaration-relative-aux-cookies\/#breadcrumb\"},\"inLanguage\":\"fr-FR\",\"potentialAction\":[{\"@type\":\"ReadAction\",\"target\":[\"https:\/\/abrtherapy.com\/fr\/declaration-relative-aux-cookies\/\"]}]},{\"@type\":\"BreadcrumbList\",\"@id\":\"https:\/\/abrtherapy.com\/fr\/declaration-relative-aux-cookies\/#breadcrumb\",\"itemListElement\":[{\"@type\":\"ListItem\",\"position\":1,\"name\":\"Home\",\"item\":\"https:\/\/abrtherapy.com\/fr\/\"},{\"@type\":\"ListItem\",\"position\":2,\"name\":\"D\u00e9claration relative aux cookies\"}]},{\"@type\":\"WebSite\",\"@id\":\"https:\/\/abrtherapy.com\/#website\",\"url\":\"https:\/\/abrtherapy.com\/\",\"name\":\"ABR Therapy\",\"description\":\"Advanced Biomechanical Rehabilitation\",\"potentialAction\":[{\"@type\":\"SearchAction\",\"target\":{\"@type\":\"EntryPoint\",\"urlTemplate\":\"https:\/\/abrtherapy.com\/?s={search_term_string}\"},\"query-input\":{\"@type\":\"PropertyValueSpecification\",\"valueRequired\":true,\"valueName\":\"search_term_string\"}}],\"inLanguage\":\"fr-FR\"}]}<\/script>\n<!-- \/ Yoast SEO plugin. -->","yoast_head_json":{"title":"D\u00e9claration relative aux cookies - ABR Therapy","robots":{"index":"index","follow":"follow","max-snippet":"max-snippet:-1","max-image-preview":"max-image-preview:large","max-video-preview":"max-video-preview:-1"},"canonical":"https:\/\/abrtherapy.com\/fr\/declaration-relative-aux-cookies\/","og_locale":"fr_FR","og_type":"article","og_title":"D\u00e9claration relative aux cookies - ABR Therapy","og_description":"Les pages internet de[abrtherapy] utiliser des cookies. Les cookies sont des fichiers texte qui sont stock\u00e9s dans un syst\u00e8me informatique via un navigateur Internet. De nombreux sites Internet et serveurs utilisent des cookies. De nombreux cookies contiennent un soi-disant identifiant [&hellip;]","og_url":"https:\/\/abrtherapy.com\/fr\/declaration-relative-aux-cookies\/","og_site_name":"ABR Therapy","article_modified_time":"2022-02-15T19:45:30+00:00","twitter_card":"summary_large_image","twitter_misc":{"Dur\u00e9e de lecture estim\u00e9e":"8 minutes"},"schema":{"@context":"https:\/\/schema.org","@graph":[{"@type":"WebPage","@id":"https:\/\/abrtherapy.com\/fr\/declaration-relative-aux-cookies\/","url":"https:\/\/abrtherapy.com\/fr\/declaration-relative-aux-cookies\/","name":"D\u00e9claration relative aux cookies - ABR Therapy","isPartOf":{"@id":"https:\/\/abrtherapy.com\/#website"},"datePublished":"2020-03-02T16:33:36+00:00","dateModified":"2022-02-15T19:45:30+00:00","breadcrumb":{"@id":"https:\/\/abrtherapy.com\/fr\/declaration-relative-aux-cookies\/#breadcrumb"},"inLanguage":"fr-FR","potentialAction":[{"@type":"ReadAction","target":["https:\/\/abrtherapy.com\/fr\/declaration-relative-aux-cookies\/"]}]},{"@type":"BreadcrumbList","@id":"https:\/\/abrtherapy.com\/fr\/declaration-relative-aux-cookies\/#breadcrumb","itemListElement":[{"@type":"ListItem","position":1,"name":"Home","item":"https:\/\/abrtherapy.com\/fr\/"},{"@type":"ListItem","position":2,"name":"D\u00e9claration relative aux cookies"}]},{"@type":"WebSite","@id":"https:\/\/abrtherapy.com\/#website","url":"https:\/\/abrtherapy.com\/","name":"ABR Therapy","description":"Advanced Biomechanical Rehabilitation","potentialAction":[{"@type":"SearchAction","target":{"@type":"EntryPoint","urlTemplate":"https:\/\/abrtherapy.com\/?s={search_term_string}"},"query-input":{"@type":"PropertyValueSpecification","valueRequired":true,"valueName":"search_term_string"}}],"inLanguage":"fr-FR"}]}},"_links":{"self":[{"href":"https:\/\/abrtherapy.com\/fr\/wp-json\/wp\/v2\/pages\/17945","targetHints":{"allow":["GET"]}}],"collection":[{"href":"https:\/\/abrtherapy.com\/fr\/wp-json\/wp\/v2\/pages"}],"about":[{"href":"https:\/\/abrtherapy.com\/fr\/wp-json\/wp\/v2\/types\/page"}],"author":[{"embeddable":true,"href":"https:\/\/abrtherapy.com\/fr\/wp-json\/wp\/v2\/users\/7"}],"replies":[{"embeddable":true,"href":"https:\/\/abrtherapy.com\/fr\/wp-json\/wp\/v2\/comments?post=17945"}],"version-history":[{"count":1,"href":"https:\/\/abrtherapy.com\/fr\/wp-json\/wp\/v2\/pages\/17945\/revisions"}],"predecessor-version":[{"id":22420,"href":"https:\/\/abrtherapy.com\/fr\/wp-json\/wp\/v2\/pages\/17945\/revisions\/22420"}],"wp:attachment":[{"href":"https:\/\/abrtherapy.com\/fr\/wp-json\/wp\/v2\/media?parent=17945"}],"curies":[{"name":"wp","href":"https:\/\/api.w.org\/{rel}","templated":true}]}}