{"id":13575,"date":"2018-09-12T14:48:09","date_gmt":"2018-09-12T12:48:09","guid":{"rendered":"https:\/\/abrtherapy.com\/results-video\/"},"modified":"2022-12-27T12:40:33","modified_gmt":"2022-12-27T11:40:33","slug":"results-video","status":"publish","type":"page","link":"https:\/\/abrtherapy.com\/fr\/results-video\/","title":{"rendered":"Les progr\u00e8s en video"},"content":{"rendered":"\t\t<div data-elementor-type=\"wp-page\" data-elementor-id=\"13575\" class=\"elementor elementor-13575 elementor-13005\" data-elementor-post-type=\"page\">\n\t\t\t\t\t\t<section class=\"elementor-section elementor-top-section elementor-element elementor-element-7a6e8e88 elementor-section-boxed elementor-section-height-default elementor-section-height-default mkdf-parallax-row-no mkdf-content-aligment-left mkdf-elementor-row-grid-no mkdf-disabled-bg-image-bellow-no\" data-id=\"7a6e8e88\" data-element_type=\"section\" data-e-type=\"section\">\n\t\t\t\t\t\t<div class=\"elementor-container elementor-column-gap-default\">\n\t\t\t\t\t<div class=\"elementor-column elementor-col-100 elementor-top-column elementor-element elementor-element-4d2463e1\" data-id=\"4d2463e1\" data-element_type=\"column\" data-e-type=\"column\">\n\t\t\t<div class=\"elementor-widget-wrap\">\n\t\t\t\t\t\t\t<\/div>\n\t\t<\/div>\n\t\t\t\t\t<\/div>\n\t\t<\/section>\n\t\t\t\t<section class=\"elementor-section elementor-top-section elementor-element elementor-element-b7034d4 elementor-section-boxed elementor-section-height-default elementor-section-height-default mkdf-parallax-row-no mkdf-content-aligment-left mkdf-elementor-row-grid-no mkdf-disabled-bg-image-bellow-no\" data-id=\"b7034d4\" data-element_type=\"section\" data-e-type=\"section\">\n\t\t\t\t\t\t<div class=\"elementor-container elementor-column-gap-default\">\n\t\t\t\t\t<div class=\"elementor-column elementor-col-100 elementor-top-column elementor-element elementor-element-94f258b\" data-id=\"94f258b\" data-element_type=\"column\" data-e-type=\"column\">\n\t\t\t<div class=\"elementor-widget-wrap elementor-element-populated\">\n\t\t\t\t\t\t<div class=\"elementor-element elementor-element-0057745 elementor-widget elementor-widget-heading\" data-id=\"0057745\" data-element_type=\"widget\" data-e-type=\"widget\" data-widget_type=\"heading.default\">\n\t\t\t\t<div class=\"elementor-widget-container\">\n\t\t\t\t\t<h2 class=\"elementor-heading-title elementor-size-default\">Les progr\u00e8s en video<\/h2>\t\t\t\t<\/div>\n\t\t\t\t<\/div>\n\t\t\t\t<div class=\"elementor-element elementor-element-c4012f6 elementor-widget elementor-widget-text-editor\" data-id=\"c4012f6\" data-element_type=\"widget\" data-e-type=\"widget\" data-widget_type=\"text-editor.default\">\n\t\t\t\t<div class=\"elementor-widget-container\">\n\t\t\t\t\t\t\t\t\t<div class=\"mkdf-iwt clearfix mkdf-iwt-icon-top mkdf-iwt-icon-medium\"><div class=\"mkdf-iwt-content\"><p class=\"mkdf-iwt-text\">Parce que les images parlent plus que les mots, nous documentons avec pr\u00e9cision les progr\u00e8s de nos patients.<\/p><\/div><\/div><div class=\"mkdf-video-button-holder\"><div class=\"mkdf-video-button-image\">\u00a0<\/div><\/div>\t\t\t\t\t\t\t\t<\/div>\n\t\t\t\t<\/div>\n\t\t\t\t<section class=\"elementor-section elementor-inner-section elementor-element elementor-element-d8c957b elementor-section-boxed elementor-section-height-default elementor-section-height-default mkdf-parallax-row-no mkdf-content-aligment-left mkdf-elementor-row-grid-no mkdf-disabled-bg-image-bellow-no\" data-id=\"d8c957b\" data-element_type=\"section\" data-e-type=\"section\">\n\t\t\t\t\t\t<div class=\"elementor-container elementor-column-gap-default\">\n\t\t\t\t\t<div class=\"elementor-column elementor-col-50 elementor-inner-column elementor-element elementor-element-08e1279\" data-id=\"08e1279\" data-element_type=\"column\" data-e-type=\"column\">\n\t\t\t<div class=\"elementor-widget-wrap elementor-element-populated\">\n\t\t\t\t\t\t<div class=\"elementor-element elementor-element-6b5348e elementor-widget elementor-widget-mkdf_video_button\" data-id=\"6b5348e\" data-element_type=\"widget\" data-e-type=\"widget\" data-widget_type=\"mkdf_video_button.default\">\n\t\t\t\t<div class=\"elementor-widget-container\">\n\t\t\t\t\t<div class=\"mkdf-video-button-holder\">\n\t<div class=\"mkdf-video-button-image\">\n\t\t<img fetchpriority=\"high\" decoding=\"async\" width=\"1300\" height=\"732\" src=\"https:\/\/abrtherapy.com\/wp-content\/uploads\/2022\/02\/Thumbnail_Simone.png\" class=\"attachment-full size-full\" alt=\"\" srcset=\"https:\/\/abrtherapy.com\/wp-content\/uploads\/2022\/02\/Thumbnail_Simone.png 1300w, https:\/\/abrtherapy.com\/wp-content\/uploads\/2022\/02\/Thumbnail_Simone-300x169.png 300w, https:\/\/abrtherapy.com\/wp-content\/uploads\/2022\/02\/Thumbnail_Simone-1024x577.png 1024w, https:\/\/abrtherapy.com\/wp-content\/uploads\/2022\/02\/Thumbnail_Simone-768x432.png 768w\" sizes=\"(max-width: 1300px) 100vw, 1300px\" \/>\t<\/div>\n\t\t\t<a class=\"mkdf-video-button-play\"  href=\"https:\/\/www.youtube.com\/watch?v=8ltsK8VvF-8&#038;feature=emb_title&#038;ab_channel=ABRTHERAPY\" target=\"_self\" data-rel=\"prettyPhoto[video_button_pretty_photo_614]\">\n\t\t\t<span class=\"mkdf-video-button-play-inner\">\n\t\t\t\t<span class=\"fa fa-play\"><\/span>\n\t\t\t<\/span>\n\t\t<\/a>\n\t<\/div>\t\t\t\t<\/div>\n\t\t\t\t<\/div>\n\t\t\t\t\t<\/div>\n\t\t<\/div>\n\t\t\t\t<div class=\"elementor-column elementor-col-50 elementor-inner-column elementor-element elementor-element-d097a20\" data-id=\"d097a20\" data-element_type=\"column\" data-e-type=\"column\">\n\t\t\t<div class=\"elementor-widget-wrap elementor-element-populated\">\n\t\t\t\t\t\t<div class=\"elementor-element elementor-element-d3282ed elementor-widget elementor-widget-mkdf_video_button\" data-id=\"d3282ed\" data-element_type=\"widget\" data-e-type=\"widget\" data-widget_type=\"mkdf_video_button.default\">\n\t\t\t\t<div class=\"elementor-widget-container\">\n\t\t\t\t\t<div class=\"mkdf-video-button-holder\">\n\t<div class=\"mkdf-video-button-image\">\n\t\t<img decoding=\"async\" width=\"1300\" height=\"732\" src=\"https:\/\/abrtherapy.com\/wp-content\/uploads\/2022\/02\/Thumbnail_Down.jpg\" class=\"attachment-full size-full\" alt=\"\" srcset=\"https:\/\/abrtherapy.com\/wp-content\/uploads\/2022\/02\/Thumbnail_Down.jpg 1300w, https:\/\/abrtherapy.com\/wp-content\/uploads\/2022\/02\/Thumbnail_Down-300x169.jpg 300w, https:\/\/abrtherapy.com\/wp-content\/uploads\/2022\/02\/Thumbnail_Down-1024x577.jpg 1024w, https:\/\/abrtherapy.com\/wp-content\/uploads\/2022\/02\/Thumbnail_Down-768x432.jpg 768w\" sizes=\"(max-width: 1300px) 100vw, 1300px\" \/>\t<\/div>\n\t\t\t<a class=\"mkdf-video-button-play\"  href=\"https:\/\/www.youtube.com\/watch?v=X4xHAxg1048&#038;feature=emb_title\" target=\"_self\" data-rel=\"prettyPhoto[video_button_pretty_photo_149]\">\n\t\t\t<span class=\"mkdf-video-button-play-inner\">\n\t\t\t\t<span class=\"fa fa-play\"><\/span>\n\t\t\t<\/span>\n\t\t<\/a>\n\t<\/div>\t\t\t\t<\/div>\n\t\t\t\t<\/div>\n\t\t\t\t\t<\/div>\n\t\t<\/div>\n\t\t\t\t\t<\/div>\n\t\t<\/section>\n\t\t\t\t<section class=\"elementor-section elementor-inner-section elementor-element elementor-element-9ead944 elementor-section-boxed elementor-section-height-default elementor-section-height-default mkdf-parallax-row-no mkdf-content-aligment-left mkdf-elementor-row-grid-no mkdf-disabled-bg-image-bellow-no\" data-id=\"9ead944\" data-element_type=\"section\" data-e-type=\"section\">\n\t\t\t\t\t\t<div class=\"elementor-container elementor-column-gap-default\">\n\t\t\t\t\t<div class=\"elementor-column elementor-col-50 elementor-inner-column elementor-element elementor-element-a3aef7f\" data-id=\"a3aef7f\" data-element_type=\"column\" data-e-type=\"column\">\n\t\t\t<div class=\"elementor-widget-wrap elementor-element-populated\">\n\t\t\t\t\t\t<div class=\"elementor-element elementor-element-8209408 elementor-widget elementor-widget-mkdf_video_button\" data-id=\"8209408\" data-element_type=\"widget\" data-e-type=\"widget\" data-widget_type=\"mkdf_video_button.default\">\n\t\t\t\t<div class=\"elementor-widget-container\">\n\t\t\t\t\t<div class=\"mkdf-video-button-holder\">\n\t<div class=\"mkdf-video-button-image\">\n\t\t<img decoding=\"async\" width=\"1280\" height=\"720\" src=\"https:\/\/abrtherapy.com\/wp-content\/uploads\/2022\/02\/maxresdefault.jpg\" class=\"attachment-full size-full\" alt=\"\" srcset=\"https:\/\/abrtherapy.com\/wp-content\/uploads\/2022\/02\/maxresdefault.jpg 1280w, https:\/\/abrtherapy.com\/wp-content\/uploads\/2022\/02\/maxresdefault-300x169.jpg 300w, https:\/\/abrtherapy.com\/wp-content\/uploads\/2022\/02\/maxresdefault-1024x576.jpg 1024w, https:\/\/abrtherapy.com\/wp-content\/uploads\/2022\/02\/maxresdefault-768x432.jpg 768w\" sizes=\"(max-width: 1280px) 100vw, 1280px\" \/>\t<\/div>\n\t\t\t<a class=\"mkdf-video-button-play\"  href=\"https:\/\/www.youtube.com\/watch?v=3CIuRY-202c&#038;feature=emb_title\" target=\"_self\" data-rel=\"prettyPhoto[video_button_pretty_photo_250]\">\n\t\t\t<span class=\"mkdf-video-button-play-inner\">\n\t\t\t\t<span class=\"fa fa-play\"><\/span>\n\t\t\t<\/span>\n\t\t<\/a>\n\t<\/div>\t\t\t\t<\/div>\n\t\t\t\t<\/div>\n\t\t\t\t\t<\/div>\n\t\t<\/div>\n\t\t\t\t<div class=\"elementor-column elementor-col-50 elementor-inner-column elementor-element elementor-element-2a07f46\" data-id=\"2a07f46\" data-element_type=\"column\" data-e-type=\"column\">\n\t\t\t<div class=\"elementor-widget-wrap elementor-element-populated\">\n\t\t\t\t\t\t<div class=\"elementor-element elementor-element-a066bfb elementor-widget elementor-widget-mkdf_video_button\" data-id=\"a066bfb\" data-element_type=\"widget\" data-e-type=\"widget\" data-widget_type=\"mkdf_video_button.default\">\n\t\t\t\t<div class=\"elementor-widget-container\">\n\t\t\t\t\t<div class=\"mkdf-video-button-holder\">\n\t<div class=\"mkdf-video-button-image\">\n\t\t<img loading=\"lazy\" decoding=\"async\" width=\"1312\" height=\"738\" src=\"https:\/\/abrtherapy.com\/wp-content\/uploads\/2022\/02\/Thumbnail_Sabin.jpg\" class=\"attachment-full size-full\" alt=\"\" srcset=\"https:\/\/abrtherapy.com\/wp-content\/uploads\/2022\/02\/Thumbnail_Sabin.jpg 1312w, https:\/\/abrtherapy.com\/wp-content\/uploads\/2022\/02\/Thumbnail_Sabin-300x169.jpg 300w, https:\/\/abrtherapy.com\/wp-content\/uploads\/2022\/02\/Thumbnail_Sabin-1024x576.jpg 1024w, https:\/\/abrtherapy.com\/wp-content\/uploads\/2022\/02\/Thumbnail_Sabin-768x432.jpg 768w\" sizes=\"(max-width: 1312px) 100vw, 1312px\" \/>\t<\/div>\n\t\t\t<a class=\"mkdf-video-button-play\"  href=\"https:\/\/www.youtube.com\/watch?v=JLdwHMZQPEQ&#038;feature=emb_title&#038;ab_channel=ABRTHERAPY\" target=\"_self\" data-rel=\"prettyPhoto[video_button_pretty_photo_404]\">\n\t\t\t<span class=\"mkdf-video-button-play-inner\">\n\t\t\t\t<span class=\"fa fa-play\"><\/span>\n\t\t\t<\/span>\n\t\t<\/a>\n\t<\/div>\t\t\t\t<\/div>\n\t\t\t\t<\/div>\n\t\t\t\t\t<\/div>\n\t\t<\/div>\n\t\t\t\t\t<\/div>\n\t\t<\/section>\n\t\t\t\t\t<\/div>\n\t\t<\/div>\n\t\t\t\t\t<\/div>\n\t\t<\/section>\n\t\t\t\t<section class=\"elementor-section elementor-top-section elementor-element elementor-element-98b3a52 elementor-section-boxed elementor-section-height-default elementor-section-height-default mkdf-parallax-row-no mkdf-content-aligment-left mkdf-elementor-row-grid-no mkdf-disabled-bg-image-bellow-no\" data-id=\"98b3a52\" data-element_type=\"section\" data-e-type=\"section\">\n\t\t\t\t\t\t<div class=\"elementor-container elementor-column-gap-default\">\n\t\t\t\t\t<div class=\"elementor-column elementor-col-100 elementor-top-column elementor-element elementor-element-5b07fbc\" data-id=\"5b07fbc\" data-element_type=\"column\" data-e-type=\"column\">\n\t\t\t<div class=\"elementor-widget-wrap elementor-element-populated\">\n\t\t\t\t\t\t<div class=\"elementor-element elementor-element-d7310ea elementor-widget elementor-widget-text-editor\" data-id=\"d7310ea\" data-element_type=\"widget\" data-e-type=\"widget\" data-widget_type=\"text-editor.default\">\n\t\t\t\t<div class=\"elementor-widget-container\">\n\t\t\t\t\t\t\t\t\t<h3>Vous voulez en savoir plus?<\/h3>\t\t\t\t\t\t\t\t<\/div>\n\t\t\t\t<\/div>\n\t\t\t\t<div class=\"elementor-element elementor-element-303e12e elementor-align-center elementor-widget elementor-widget-button\" data-id=\"303e12e\" data-element_type=\"widget\" data-e-type=\"widget\" data-widget_type=\"button.default\">\n\t\t\t\t<div class=\"elementor-widget-container\">\n\t\t\t\t\t\t\t\t\t<div class=\"elementor-button-wrapper\">\n\t\t\t\t\t<a class=\"elementor-button elementor-button-link elementor-size-md\" href=\"http:\/\/Vous%20voulez%20en%20savoir%20plus?\">\n\t\t\t\t\t\t<span class=\"elementor-button-content-wrapper\">\n\t\t\t\t\t\t\t\t\t<span class=\"elementor-button-text\">Ce que fait ABR<\/span>\n\t\t\t\t\t<\/span>\n\t\t\t\t\t<\/a>\n\t\t\t\t<\/div>\n\t\t\t\t\t\t\t\t<\/div>\n\t\t\t\t<\/div>\n\t\t\t\t<div class=\"elementor-element elementor-element-d8050e7 elementor-widget elementor-widget-spacer\" data-id=\"d8050e7\" data-element_type=\"widget\" data-e-type=\"widget\" data-widget_type=\"spacer.default\">\n\t\t\t\t<div class=\"elementor-widget-container\">\n\t\t\t\t\t\t\t<div class=\"elementor-spacer\">\n\t\t\t<div class=\"elementor-spacer-inner\"><\/div>\n\t\t<\/div>\n\t\t\t\t\t\t<\/div>\n\t\t\t\t<\/div>\n\t\t\t\t\t<\/div>\n\t\t<\/div>\n\t\t\t\t\t<\/div>\n\t\t<\/section>\n\t\t\t\t<\/div>\n\t\t","protected":false},"excerpt":{"rendered":"<p>Les progr\u00e8s en video Parce que les images parlent plus que les mots, nous documentons avec pr\u00e9cision les progr\u00e8s de nos patients. \u00a0 Vous voulez en savoir plus? Ce que fait ABR<\/p>\n","protected":false},"author":1,"featured_media":0,"parent":0,"menu_order":0,"comment_status":"closed","ping_status":"closed","template":"","meta":{"_exactmetrics_skip_tracking":false,"_exactmetrics_sitenote_active":false,"_exactmetrics_sitenote_note":"","_exactmetrics_sitenote_category":0,"footnotes":""},"class_list":["post-13575","page","type-page","status-publish","hentry"],"yoast_head":"<!-- This site is optimized with the Yoast SEO plugin v26.9 - https:\/\/yoast.com\/product\/yoast-seo-wordpress\/ -->\n<title>Les progr\u00e8s en video - ABR Therapy<\/title>\n<meta name=\"robots\" content=\"index, follow, max-snippet:-1, max-image-preview:large, max-video-preview:-1\" \/>\n<link rel=\"canonical\" href=\"https:\/\/abrtherapy.com\/ro\/results-video\/\" \/>\n<meta property=\"og:locale\" content=\"fr_FR\" \/>\n<meta property=\"og:type\" content=\"article\" \/>\n<meta property=\"og:title\" content=\"Les progr\u00e8s en video - ABR Therapy\" \/>\n<meta property=\"og:description\" content=\"Les progr\u00e8s en video Parce que les images parlent plus que les mots, nous documentons avec pr\u00e9cision les progr\u00e8s de nos patients. \u00a0 Vous voulez en savoir plus? Ce que fait ABR\" \/>\n<meta property=\"og:url\" content=\"https:\/\/abrtherapy.com\/ro\/results-video\/\" \/>\n<meta property=\"og:site_name\" content=\"ABR Therapy\" \/>\n<meta property=\"article:modified_time\" content=\"2022-12-27T11:40:33+00:00\" \/>\n<meta property=\"og:image\" content=\"https:\/\/abrtherapy.com\/wp-content\/uploads\/2022\/02\/Thumbnail_Simone.png\" \/>\n<meta name=\"twitter:card\" content=\"summary_large_image\" \/>\n<script type=\"application\/ld+json\" class=\"yoast-schema-graph\">{\"@context\":\"https:\/\/schema.org\",\"@graph\":[{\"@type\":\"WebPage\",\"@id\":\"https:\/\/abrtherapy.com\/ro\/results-video\/\",\"url\":\"https:\/\/abrtherapy.com\/ro\/results-video\/\",\"name\":\"Les progr\u00e8s en video - ABR Therapy\",\"isPartOf\":{\"@id\":\"https:\/\/abrtherapy.com\/#website\"},\"primaryImageOfPage\":{\"@id\":\"https:\/\/abrtherapy.com\/ro\/results-video\/#primaryimage\"},\"image\":{\"@id\":\"https:\/\/abrtherapy.com\/ro\/results-video\/#primaryimage\"},\"thumbnailUrl\":\"https:\/\/abrtherapy.com\/wp-content\/uploads\/2022\/02\/Thumbnail_Simone.png\",\"datePublished\":\"2018-09-12T12:48:09+00:00\",\"dateModified\":\"2022-12-27T11:40:33+00:00\",\"breadcrumb\":{\"@id\":\"https:\/\/abrtherapy.com\/ro\/results-video\/#breadcrumb\"},\"inLanguage\":\"fr-FR\",\"potentialAction\":[{\"@type\":\"ReadAction\",\"target\":[\"https:\/\/abrtherapy.com\/ro\/results-video\/\"]}]},{\"@type\":\"ImageObject\",\"inLanguage\":\"fr-FR\",\"@id\":\"https:\/\/abrtherapy.com\/ro\/results-video\/#primaryimage\",\"url\":\"https:\/\/abrtherapy.com\/wp-content\/uploads\/2022\/02\/Thumbnail_Simone.png\",\"contentUrl\":\"https:\/\/abrtherapy.com\/wp-content\/uploads\/2022\/02\/Thumbnail_Simone.png\"},{\"@type\":\"BreadcrumbList\",\"@id\":\"https:\/\/abrtherapy.com\/ro\/results-video\/#breadcrumb\",\"itemListElement\":[{\"@type\":\"ListItem\",\"position\":1,\"name\":\"Home\",\"item\":\"https:\/\/abrtherapy.com\/fr\/\"},{\"@type\":\"ListItem\",\"position\":2,\"name\":\"Les progr\u00e8s en video\"}]},{\"@type\":\"WebSite\",\"@id\":\"https:\/\/abrtherapy.com\/#website\",\"url\":\"https:\/\/abrtherapy.com\/\",\"name\":\"ABR Therapy\",\"description\":\"Advanced Biomechanical Rehabilitation\",\"potentialAction\":[{\"@type\":\"SearchAction\",\"target\":{\"@type\":\"EntryPoint\",\"urlTemplate\":\"https:\/\/abrtherapy.com\/?s={search_term_string}\"},\"query-input\":{\"@type\":\"PropertyValueSpecification\",\"valueRequired\":true,\"valueName\":\"search_term_string\"}}],\"inLanguage\":\"fr-FR\"}]}<\/script>\n<!-- \/ Yoast SEO plugin. -->","yoast_head_json":{"title":"Les progr\u00e8s en video - ABR Therapy","robots":{"index":"index","follow":"follow","max-snippet":"max-snippet:-1","max-image-preview":"max-image-preview:large","max-video-preview":"max-video-preview:-1"},"canonical":"https:\/\/abrtherapy.com\/ro\/results-video\/","og_locale":"fr_FR","og_type":"article","og_title":"Les progr\u00e8s en video - ABR Therapy","og_description":"Les progr\u00e8s en video Parce que les images parlent plus que les mots, nous documentons avec pr\u00e9cision les progr\u00e8s de nos patients. \u00a0 Vous voulez en savoir plus? Ce que fait ABR","og_url":"https:\/\/abrtherapy.com\/ro\/results-video\/","og_site_name":"ABR Therapy","article_modified_time":"2022-12-27T11:40:33+00:00","og_image":[{"url":"https:\/\/abrtherapy.com\/wp-content\/uploads\/2022\/02\/Thumbnail_Simone.png","type":"","width":"","height":""}],"twitter_card":"summary_large_image","schema":{"@context":"https:\/\/schema.org","@graph":[{"@type":"WebPage","@id":"https:\/\/abrtherapy.com\/ro\/results-video\/","url":"https:\/\/abrtherapy.com\/ro\/results-video\/","name":"Les progr\u00e8s en video - ABR Therapy","isPartOf":{"@id":"https:\/\/abrtherapy.com\/#website"},"primaryImageOfPage":{"@id":"https:\/\/abrtherapy.com\/ro\/results-video\/#primaryimage"},"image":{"@id":"https:\/\/abrtherapy.com\/ro\/results-video\/#primaryimage"},"thumbnailUrl":"https:\/\/abrtherapy.com\/wp-content\/uploads\/2022\/02\/Thumbnail_Simone.png","datePublished":"2018-09-12T12:48:09+00:00","dateModified":"2022-12-27T11:40:33+00:00","breadcrumb":{"@id":"https:\/\/abrtherapy.com\/ro\/results-video\/#breadcrumb"},"inLanguage":"fr-FR","potentialAction":[{"@type":"ReadAction","target":["https:\/\/abrtherapy.com\/ro\/results-video\/"]}]},{"@type":"ImageObject","inLanguage":"fr-FR","@id":"https:\/\/abrtherapy.com\/ro\/results-video\/#primaryimage","url":"https:\/\/abrtherapy.com\/wp-content\/uploads\/2022\/02\/Thumbnail_Simone.png","contentUrl":"https:\/\/abrtherapy.com\/wp-content\/uploads\/2022\/02\/Thumbnail_Simone.png"},{"@type":"BreadcrumbList","@id":"https:\/\/abrtherapy.com\/ro\/results-video\/#breadcrumb","itemListElement":[{"@type":"ListItem","position":1,"name":"Home","item":"https:\/\/abrtherapy.com\/fr\/"},{"@type":"ListItem","position":2,"name":"Les progr\u00e8s en video"}]},{"@type":"WebSite","@id":"https:\/\/abrtherapy.com\/#website","url":"https:\/\/abrtherapy.com\/","name":"ABR Therapy","description":"Advanced Biomechanical Rehabilitation","potentialAction":[{"@type":"SearchAction","target":{"@type":"EntryPoint","urlTemplate":"https:\/\/abrtherapy.com\/?s={search_term_string}"},"query-input":{"@type":"PropertyValueSpecification","valueRequired":true,"valueName":"search_term_string"}}],"inLanguage":"fr-FR"}]}},"_links":{"self":[{"href":"https:\/\/abrtherapy.com\/fr\/wp-json\/wp\/v2\/pages\/13575","targetHints":{"allow":["GET"]}}],"collection":[{"href":"https:\/\/abrtherapy.com\/fr\/wp-json\/wp\/v2\/pages"}],"about":[{"href":"https:\/\/abrtherapy.com\/fr\/wp-json\/wp\/v2\/types\/page"}],"author":[{"embeddable":true,"href":"https:\/\/abrtherapy.com\/fr\/wp-json\/wp\/v2\/users\/1"}],"replies":[{"embeddable":true,"href":"https:\/\/abrtherapy.com\/fr\/wp-json\/wp\/v2\/comments?post=13575"}],"version-history":[{"count":25,"href":"https:\/\/abrtherapy.com\/fr\/wp-json\/wp\/v2\/pages\/13575\/revisions"}],"predecessor-version":[{"id":39804,"href":"https:\/\/abrtherapy.com\/fr\/wp-json\/wp\/v2\/pages\/13575\/revisions\/39804"}],"wp:attachment":[{"href":"https:\/\/abrtherapy.com\/fr\/wp-json\/wp\/v2\/media?parent=13575"}],"curies":[{"name":"wp","href":"https:\/\/api.w.org\/{rel}","templated":true}]}}